{"id":31878,"date":"2025-09-03T19:10:04","date_gmt":"2025-09-03T19:10:04","guid":{"rendered":"https:\/\/demo.thefragrance.com.tr\/product\/emerald-shine\/"},"modified":"2025-11-10T12:45:03","modified_gmt":"2025-11-10T12:45:03","slug":"emerald-shine","status":"publish","type":"product","link":"https:\/\/demo.thefragrance.com.tr\/de\/produkt\/emerald-shine\/","title":{"rendered":"Emerald Shine"},"content":{"rendered":"","protected":false},"excerpt":{"rendered":"<p>Emerald Shine ist eine Mischung aus Klasse und Frische. Ein einpr\u00e4gsamer, selbstbewusster und zugleich k\u00fchler Duft mit einer erlesenen Komposition aus Zitrusfr\u00fcchten, Gew\u00fcrzen, Leder und orientalischen Noten. <\/p>\n","protected":false},"featured_media":29109,"comment_status":"open","ping_status":"closed","template":"","meta":{"_acf_changed":false},"product_brand":[],"product_cat":[185],"product_tag":[187],"class_list":{"0":"post-31878","1":"product","2":"type-product","3":"status-publish","4":"has-post-thumbnail","6":"product_cat-kristallkollektion","7":"product_tag-kristallkollektion","9":"first","10":"instock","11":"shipping-taxable","12":"purchasable","13":"product-type-simple"},"acf":[],"_links":{"self":[{"href":"https:\/\/demo.thefragrance.com.tr\/de\/wp-json\/wp\/v2\/product\/31878","targetHints":{"allow":["GET"]}}],"collection":[{"href":"https:\/\/demo.thefragrance.com.tr\/de\/wp-json\/wp\/v2\/product"}],"about":[{"href":"https:\/\/demo.thefragrance.com.tr\/de\/wp-json\/wp\/v2\/types\/product"}],"replies":[{"embeddable":true,"href":"https:\/\/demo.thefragrance.com.tr\/de\/wp-json\/wp\/v2\/comments?post=31878"}],"version-history":[{"count":1,"href":"https:\/\/demo.thefragrance.com.tr\/de\/wp-json\/wp\/v2\/product\/31878\/revisions"}],"predecessor-version":[{"id":35938,"href":"https:\/\/demo.thefragrance.com.tr\/de\/wp-json\/wp\/v2\/product\/31878\/revisions\/35938"}],"wp:featuredmedia":[{"embeddable":true,"href":"https:\/\/demo.thefragrance.com.tr\/de\/wp-json\/wp\/v2\/media\/29109"}],"wp:attachment":[{"href":"https:\/\/demo.thefragrance.com.tr\/de\/wp-json\/wp\/v2\/media?parent=31878"}],"wp:term":[{"taxonomy":"product_brand","embeddable":true,"href":"https:\/\/demo.thefragrance.com.tr\/de\/wp-json\/wp\/v2\/product_brand?post=31878"},{"taxonomy":"product_cat","embeddable":true,"href":"https:\/\/demo.thefragrance.com.tr\/de\/wp-json\/wp\/v2\/product_cat?post=31878"},{"taxonomy":"product_tag","embeddable":true,"href":"https:\/\/demo.thefragrance.com.tr\/de\/wp-json\/wp\/v2\/product_tag?post=31878"}],"curies":[{"name":"wp","href":"https:\/\/api.w.org\/{rel}","templated":true}]}}