{"id":32721,"date":"2025-09-03T19:10:05","date_gmt":"2025-09-03T19:10:05","guid":{"rendered":"https:\/\/demo.thefragrance.com.tr\/product\/the-duchees\/"},"modified":"2025-11-10T13:00:26","modified_gmt":"2025-11-10T13:00:26","slug":"the-duchees","status":"publish","type":"product","link":"https:\/\/demo.thefragrance.com.tr\/de\/produkt\/the-duchees\/","title":{"rendered":"The Duchees"},"content":{"rendered":"","protected":false},"excerpt":{"rendered":"<p>Die Royal Collection von The Fragrance ist eine Feier von Gr\u00f6\u00dfe und zeitloser Anziehungskraft.<br \/>The Crown, in seinem opulenten Gold, f\u00e4ngt das Wesen ultimativer Macht und h\u00f6chsten Prestiges ein \u2013 geschaffen f\u00fcr diejenigen, die den Geist wahrer K\u00f6niglichkeit verk\u00f6rpern. <\/p>\n","protected":false},"featured_media":35986,"comment_status":"open","ping_status":"closed","template":"","meta":{"_acf_changed":false},"product_brand":[],"product_cat":[318],"product_tag":[],"class_list":{"0":"post-32721","1":"product","2":"type-product","3":"status-publish","4":"has-post-thumbnail","6":"product_cat-konigliche-kollektion","8":"first","9":"instock","10":"shipping-taxable","11":"purchasable","12":"product-type-simple"},"acf":[],"_links":{"self":[{"href":"https:\/\/demo.thefragrance.com.tr\/de\/wp-json\/wp\/v2\/product\/32721","targetHints":{"allow":["GET"]}}],"collection":[{"href":"https:\/\/demo.thefragrance.com.tr\/de\/wp-json\/wp\/v2\/product"}],"about":[{"href":"https:\/\/demo.thefragrance.com.tr\/de\/wp-json\/wp\/v2\/types\/product"}],"replies":[{"embeddable":true,"href":"https:\/\/demo.thefragrance.com.tr\/de\/wp-json\/wp\/v2\/comments?post=32721"}],"version-history":[{"count":1,"href":"https:\/\/demo.thefragrance.com.tr\/de\/wp-json\/wp\/v2\/product\/32721\/revisions"}],"predecessor-version":[{"id":35988,"href":"https:\/\/demo.thefragrance.com.tr\/de\/wp-json\/wp\/v2\/product\/32721\/revisions\/35988"}],"wp:featuredmedia":[{"embeddable":true,"href":"https:\/\/demo.thefragrance.com.tr\/de\/wp-json\/wp\/v2\/media\/35986"}],"wp:attachment":[{"href":"https:\/\/demo.thefragrance.com.tr\/de\/wp-json\/wp\/v2\/media?parent=32721"}],"wp:term":[{"taxonomy":"product_brand","embeddable":true,"href":"https:\/\/demo.thefragrance.com.tr\/de\/wp-json\/wp\/v2\/product_brand?post=32721"},{"taxonomy":"product_cat","embeddable":true,"href":"https:\/\/demo.thefragrance.com.tr\/de\/wp-json\/wp\/v2\/product_cat?post=32721"},{"taxonomy":"product_tag","embeddable":true,"href":"https:\/\/demo.thefragrance.com.tr\/de\/wp-json\/wp\/v2\/product_tag?post=32721"}],"curies":[{"name":"wp","href":"https:\/\/api.w.org\/{rel}","templated":true}]}}