{"id":32773,"date":"2025-09-03T19:10:05","date_gmt":"2025-09-03T19:10:05","guid":{"rendered":"https:\/\/demo.thefragrance.com.tr\/product\/the-duke\/"},"modified":"2025-11-10T13:09:03","modified_gmt":"2025-11-10T13:09:03","slug":"the-duke","status":"publish","type":"product","link":"https:\/\/demo.thefragrance.com.tr\/de\/produkt\/the-duke\/","title":{"rendered":"The Duke"},"content":{"rendered":"","protected":false},"excerpt":{"rendered":"<p>Die Royal Collection von The Fragrance f\u00e4ngt die Gr\u00f6\u00dfe k\u00f6niglicher Eleganz mit D\u00fcften von unvergleichlicher Anmut und St\u00e4rke ein.<br \/>The Duke, in seiner edlen silbernen Flasche, verk\u00f6rpert Macht und Raffinesse.<br \/>Es ist ein Duft f\u00fcr diejenigen, die mit Anmut und Mut f\u00fchren \u2013 ein Parfum, das einen unvergesslichen Eindruck hinterl\u00e4sst.  <\/p>\n","protected":false},"featured_media":36004,"comment_status":"open","ping_status":"closed","template":"","meta":{"_acf_changed":false},"product_brand":[],"product_cat":[318],"product_tag":[],"class_list":{"0":"post-32773","1":"product","2":"type-product","3":"status-publish","4":"has-post-thumbnail","6":"product_cat-konigliche-kollektion","8":"first","9":"instock","10":"shipping-taxable","11":"purchasable","12":"product-type-simple"},"acf":[],"_links":{"self":[{"href":"https:\/\/demo.thefragrance.com.tr\/de\/wp-json\/wp\/v2\/product\/32773","targetHints":{"allow":["GET"]}}],"collection":[{"href":"https:\/\/demo.thefragrance.com.tr\/de\/wp-json\/wp\/v2\/product"}],"about":[{"href":"https:\/\/demo.thefragrance.com.tr\/de\/wp-json\/wp\/v2\/types\/product"}],"replies":[{"embeddable":true,"href":"https:\/\/demo.thefragrance.com.tr\/de\/wp-json\/wp\/v2\/comments?post=32773"}],"version-history":[{"count":1,"href":"https:\/\/demo.thefragrance.com.tr\/de\/wp-json\/wp\/v2\/product\/32773\/revisions"}],"predecessor-version":[{"id":36006,"href":"https:\/\/demo.thefragrance.com.tr\/de\/wp-json\/wp\/v2\/product\/32773\/revisions\/36006"}],"wp:featuredmedia":[{"embeddable":true,"href":"https:\/\/demo.thefragrance.com.tr\/de\/wp-json\/wp\/v2\/media\/36004"}],"wp:attachment":[{"href":"https:\/\/demo.thefragrance.com.tr\/de\/wp-json\/wp\/v2\/media?parent=32773"}],"wp:term":[{"taxonomy":"product_brand","embeddable":true,"href":"https:\/\/demo.thefragrance.com.tr\/de\/wp-json\/wp\/v2\/product_brand?post=32773"},{"taxonomy":"product_cat","embeddable":true,"href":"https:\/\/demo.thefragrance.com.tr\/de\/wp-json\/wp\/v2\/product_cat?post=32773"},{"taxonomy":"product_tag","embeddable":true,"href":"https:\/\/demo.thefragrance.com.tr\/de\/wp-json\/wp\/v2\/product_tag?post=32773"}],"curies":[{"name":"wp","href":"https:\/\/api.w.org\/{rel}","templated":true}]}}