{"id":33489,"date":"2025-10-26T10:04:16","date_gmt":"2025-10-26T10:04:16","guid":{"rendered":"https:\/\/demo.thefragrance.com.tr\/?post_type=product&#038;p=33489"},"modified":"2025-10-26T10:07:19","modified_gmt":"2025-10-26T10:07:19","slug":"the-crown-copy","status":"publish","type":"product","link":"https:\/\/demo.thefragrance.com.tr\/de\/produkt\/the-crown-copy\/","title":{"rendered":"The Crown (Copy)"},"content":{"rendered":"","protected":false},"excerpt":{"rendered":"<p>Die Royal Collection von The Fragrance ist eine Feier von Gr\u00f6\u00dfe und zeitloser Anziehungskraft.<br \/>The Crown, in seinem opulenten Gold, f\u00e4ngt das Wesen ultimativer Macht und h\u00f6chsten Prestiges ein \u2013 geschaffen f\u00fcr diejenigen, die den Geist wahrer K\u00f6niglichkeit verk\u00f6rpern. <\/p>\n","protected":false},"featured_media":38517,"comment_status":"closed","ping_status":"closed","template":"elementor_header_footer","meta":{"_acf_changed":false},"product_brand":[],"product_cat":[],"product_tag":[],"class_list":{"0":"post-33489","1":"product","2":"type-product","3":"status-publish","4":"has-post-thumbnail","7":"first","8":"instock","9":"shipping-taxable","10":"purchasable","11":"product-type-simple"},"acf":[],"_links":{"self":[{"href":"https:\/\/demo.thefragrance.com.tr\/de\/wp-json\/wp\/v2\/product\/33489","targetHints":{"allow":["GET"]}}],"collection":[{"href":"https:\/\/demo.thefragrance.com.tr\/de\/wp-json\/wp\/v2\/product"}],"about":[{"href":"https:\/\/demo.thefragrance.com.tr\/de\/wp-json\/wp\/v2\/types\/product"}],"replies":[{"embeddable":true,"href":"https:\/\/demo.thefragrance.com.tr\/de\/wp-json\/wp\/v2\/comments?post=33489"}],"version-history":[{"count":1,"href":"https:\/\/demo.thefragrance.com.tr\/de\/wp-json\/wp\/v2\/product\/33489\/revisions"}],"predecessor-version":[{"id":33496,"href":"https:\/\/demo.thefragrance.com.tr\/de\/wp-json\/wp\/v2\/product\/33489\/revisions\/33496"}],"wp:featuredmedia":[{"embeddable":true,"href":"https:\/\/demo.thefragrance.com.tr\/de\/wp-json\/wp\/v2\/media\/38517"}],"wp:attachment":[{"href":"https:\/\/demo.thefragrance.com.tr\/de\/wp-json\/wp\/v2\/media?parent=33489"}],"wp:term":[{"taxonomy":"product_brand","embeddable":true,"href":"https:\/\/demo.thefragrance.com.tr\/de\/wp-json\/wp\/v2\/product_brand?post=33489"},{"taxonomy":"product_cat","embeddable":true,"href":"https:\/\/demo.thefragrance.com.tr\/de\/wp-json\/wp\/v2\/product_cat?post=33489"},{"taxonomy":"product_tag","embeddable":true,"href":"https:\/\/demo.thefragrance.com.tr\/de\/wp-json\/wp\/v2\/product_tag?post=33489"}],"curies":[{"name":"wp","href":"https:\/\/api.w.org\/{rel}","templated":true}]}}