{"id":34162,"date":"2025-10-28T09:31:54","date_gmt":"2025-10-28T09:31:54","guid":{"rendered":"https:\/\/demo.thefragrance.com.tr\/?post_type=product&#038;p=34162"},"modified":"2025-10-28T09:33:47","modified_gmt":"2025-10-28T09:33:47","slug":"emerald-shine-copy-2","status":"publish","type":"product","link":"https:\/\/demo.thefragrance.com.tr\/de\/produkt\/emerald-shine-copy-2\/","title":{"rendered":"Emerald Shine (Copy)"},"content":{"rendered":"","protected":false},"excerpt":{"rendered":"<p>Emerald Shine ist eine Mischung aus Klasse und Frische. Ein einpr\u00e4gsamer, selbstbewusster und zugleich k\u00fchler Duft mit einer erlesenen Komposition aus Zitrusfr\u00fcchten, Gew\u00fcrzen, Leder und orientalischen Noten. <\/p>\n","protected":false},"featured_media":38659,"comment_status":"open","ping_status":"closed","template":"","meta":{"_acf_changed":false},"product_brand":[],"product_cat":[185],"product_tag":[187],"class_list":{"0":"post-34162","1":"product","2":"type-product","3":"status-publish","4":"has-post-thumbnail","6":"product_cat-kristallkollektion","7":"product_tag-kristallkollektion","9":"first","10":"instock","11":"shipping-taxable","12":"purchasable","13":"product-type-simple"},"acf":[],"_links":{"self":[{"href":"https:\/\/demo.thefragrance.com.tr\/de\/wp-json\/wp\/v2\/product\/34162","targetHints":{"allow":["GET"]}}],"collection":[{"href":"https:\/\/demo.thefragrance.com.tr\/de\/wp-json\/wp\/v2\/product"}],"about":[{"href":"https:\/\/demo.thefragrance.com.tr\/de\/wp-json\/wp\/v2\/types\/product"}],"replies":[{"embeddable":true,"href":"https:\/\/demo.thefragrance.com.tr\/de\/wp-json\/wp\/v2\/comments?post=34162"}],"version-history":[{"count":1,"href":"https:\/\/demo.thefragrance.com.tr\/de\/wp-json\/wp\/v2\/product\/34162\/revisions"}],"predecessor-version":[{"id":34172,"href":"https:\/\/demo.thefragrance.com.tr\/de\/wp-json\/wp\/v2\/product\/34162\/revisions\/34172"}],"wp:featuredmedia":[{"embeddable":true,"href":"https:\/\/demo.thefragrance.com.tr\/de\/wp-json\/wp\/v2\/media\/38659"}],"wp:attachment":[{"href":"https:\/\/demo.thefragrance.com.tr\/de\/wp-json\/wp\/v2\/media?parent=34162"}],"wp:term":[{"taxonomy":"product_brand","embeddable":true,"href":"https:\/\/demo.thefragrance.com.tr\/de\/wp-json\/wp\/v2\/product_brand?post=34162"},{"taxonomy":"product_cat","embeddable":true,"href":"https:\/\/demo.thefragrance.com.tr\/de\/wp-json\/wp\/v2\/product_cat?post=34162"},{"taxonomy":"product_tag","embeddable":true,"href":"https:\/\/demo.thefragrance.com.tr\/de\/wp-json\/wp\/v2\/product_tag?post=34162"}],"curies":[{"name":"wp","href":"https:\/\/api.w.org\/{rel}","templated":true}]}}