{"id":34415,"date":"2025-10-28T12:41:55","date_gmt":"2025-10-28T12:41:55","guid":{"rendered":"https:\/\/demo.thefragrance.com.tr\/?post_type=product&#038;p=34415"},"modified":"2025-10-28T12:43:32","modified_gmt":"2025-10-28T12:43:32","slug":"pearl-harmony-copy-copy","status":"publish","type":"product","link":"https:\/\/demo.thefragrance.com.tr\/de\/produkt\/pearl-harmony-copy-copy\/","title":{"rendered":"Pearl Harmony (Copy) (Copy)"},"content":{"rendered":"","protected":false},"excerpt":{"rendered":"<p>Eine Ode an die Segnungen und das Geheimnis der Tiefsee. Eine Harmonie aus frischem Moschus, exotischen Gew\u00fcrzen und s\u00fc\u00dfer Rose auf einer Basis aus massivem Holz. <\/p>\n","protected":false},"featured_media":38763,"comment_status":"open","ping_status":"closed","template":"","meta":{"_acf_changed":false},"product_brand":[],"product_cat":[464],"product_tag":[187],"class_list":{"0":"post-34415","1":"product","2":"type-product","3":"status-publish","4":"has-post-thumbnail","6":"product_cat-nachfullen","7":"product_tag-kristallkollektion","8":"product_shipping_class-kostenpflichtiger-versand","10":"first","11":"instock","12":"shipping-taxable","13":"purchasable","14":"product-type-simple"},"acf":[],"_links":{"self":[{"href":"https:\/\/demo.thefragrance.com.tr\/de\/wp-json\/wp\/v2\/product\/34415","targetHints":{"allow":["GET"]}}],"collection":[{"href":"https:\/\/demo.thefragrance.com.tr\/de\/wp-json\/wp\/v2\/product"}],"about":[{"href":"https:\/\/demo.thefragrance.com.tr\/de\/wp-json\/wp\/v2\/types\/product"}],"replies":[{"embeddable":true,"href":"https:\/\/demo.thefragrance.com.tr\/de\/wp-json\/wp\/v2\/comments?post=34415"}],"version-history":[{"count":1,"href":"https:\/\/demo.thefragrance.com.tr\/de\/wp-json\/wp\/v2\/product\/34415\/revisions"}],"predecessor-version":[{"id":34425,"href":"https:\/\/demo.thefragrance.com.tr\/de\/wp-json\/wp\/v2\/product\/34415\/revisions\/34425"}],"wp:featuredmedia":[{"embeddable":true,"href":"https:\/\/demo.thefragrance.com.tr\/de\/wp-json\/wp\/v2\/media\/38763"}],"wp:attachment":[{"href":"https:\/\/demo.thefragrance.com.tr\/de\/wp-json\/wp\/v2\/media?parent=34415"}],"wp:term":[{"taxonomy":"product_brand","embeddable":true,"href":"https:\/\/demo.thefragrance.com.tr\/de\/wp-json\/wp\/v2\/product_brand?post=34415"},{"taxonomy":"product_cat","embeddable":true,"href":"https:\/\/demo.thefragrance.com.tr\/de\/wp-json\/wp\/v2\/product_cat?post=34415"},{"taxonomy":"product_tag","embeddable":true,"href":"https:\/\/demo.thefragrance.com.tr\/de\/wp-json\/wp\/v2\/product_tag?post=34415"}],"curies":[{"name":"wp","href":"https:\/\/api.w.org\/{rel}","templated":true}]}}