{"id":35951,"date":"2025-09-03T19:10:05","date_gmt":"2025-09-03T19:10:05","guid":{"rendered":"https:\/\/demo.thefragrance.com.tr\/product\/royal-collection-discovery-set\/"},"modified":"2025-09-03T19:10:05","modified_gmt":"2025-09-03T19:10:05","slug":"royal-collection-discovery-set","status":"publish","type":"product","link":"https:\/\/demo.thefragrance.com.tr\/de\/produkt\/royal-collection-discovery-set\/","title":{"rendered":"Royal Collection Discovery Set"},"content":{"rendered":"","protected":false},"excerpt":{"rendered":"<p>Die Royal Collection ist eine Hommage an Eleganz und k\u00f6nigliche W\u00fcrde, verk\u00f6rpert in drei luxuri\u00f6sen D\u00fcften: The Duke, The Duchess und The Crown.<br \/>\nJeder Duft spiegelt die Anmut und Raffinesse des K\u00f6nigshauses wider und schafft eine harmonische Verbindung von Tradition und Moderne.<\/p>\n","protected":false},"featured_media":29197,"comment_status":"open","ping_status":"closed","template":"","meta":{"_acf_changed":false},"product_brand":[],"product_cat":[322],"product_tag":[],"class_list":{"0":"post-35951","1":"product","2":"type-product","3":"status-publish","4":"has-post-thumbnail","6":"product_cat-entdeckungsset","7":"product_shipping_class-kostenpflichtiger-versand","9":"first","10":"instock","11":"shipping-taxable","12":"purchasable","13":"product-type-simple"},"acf":[],"_links":{"self":[{"href":"https:\/\/demo.thefragrance.com.tr\/de\/wp-json\/wp\/v2\/product\/35951","targetHints":{"allow":["GET"]}}],"collection":[{"href":"https:\/\/demo.thefragrance.com.tr\/de\/wp-json\/wp\/v2\/product"}],"about":[{"href":"https:\/\/demo.thefragrance.com.tr\/de\/wp-json\/wp\/v2\/types\/product"}],"replies":[{"embeddable":true,"href":"https:\/\/demo.thefragrance.com.tr\/de\/wp-json\/wp\/v2\/comments?post=35951"}],"version-history":[{"count":0,"href":"https:\/\/demo.thefragrance.com.tr\/de\/wp-json\/wp\/v2\/product\/35951\/revisions"}],"wp:featuredmedia":[{"embeddable":true,"href":"https:\/\/demo.thefragrance.com.tr\/de\/wp-json\/wp\/v2\/media\/29197"}],"wp:attachment":[{"href":"https:\/\/demo.thefragrance.com.tr\/de\/wp-json\/wp\/v2\/media?parent=35951"}],"wp:term":[{"taxonomy":"product_brand","embeddable":true,"href":"https:\/\/demo.thefragrance.com.tr\/de\/wp-json\/wp\/v2\/product_brand?post=35951"},{"taxonomy":"product_cat","embeddable":true,"href":"https:\/\/demo.thefragrance.com.tr\/de\/wp-json\/wp\/v2\/product_cat?post=35951"},{"taxonomy":"product_tag","embeddable":true,"href":"https:\/\/demo.thefragrance.com.tr\/de\/wp-json\/wp\/v2\/product_tag?post=35951"}],"curies":[{"name":"wp","href":"https:\/\/api.w.org\/{rel}","templated":true}]}}