{"id":36523,"date":"2025-09-20T13:12:30","date_gmt":"2025-09-20T13:12:30","guid":{"rendered":"https:\/\/demo.thefragrance.com.tr\/product\/pearl-harmony-3\/"},"modified":"2025-09-20T13:12:30","modified_gmt":"2025-09-20T13:12:30","slug":"pearl-harmony-3","status":"publish","type":"product","link":"https:\/\/demo.thefragrance.com.tr\/de\/produkt\/pearl-harmony-3\/","title":{"rendered":"Pearl Harmony"},"content":{"rendered":"","protected":false},"excerpt":{"rendered":"<p>Eine Ode an die Segnungen und das Geheimnis der Tiefsee. Eine Harmonie aus frischem Moschus, exotischen Gew\u00fcrzen und s\u00fc\u00dfer Rose auf einer Basis aus massivem Holz. <\/p>\n","protected":false},"featured_media":36524,"comment_status":"open","ping_status":"closed","template":"","meta":{"_acf_changed":false},"product_brand":[],"product_cat":[418,419],"product_tag":[187],"class_list":{"0":"post-36523","1":"product","2":"type-product","3":"status-publish","4":"has-post-thumbnail","6":"product_cat-duftkerzen","7":"product_cat-kristall-2","8":"product_tag-kristallkollektion","9":"product_shipping_class-kostenpflichtiger-versand","11":"first","12":"instock","13":"shipping-taxable","14":"purchasable","15":"product-type-simple"},"acf":[],"_links":{"self":[{"href":"https:\/\/demo.thefragrance.com.tr\/de\/wp-json\/wp\/v2\/product\/36523","targetHints":{"allow":["GET"]}}],"collection":[{"href":"https:\/\/demo.thefragrance.com.tr\/de\/wp-json\/wp\/v2\/product"}],"about":[{"href":"https:\/\/demo.thefragrance.com.tr\/de\/wp-json\/wp\/v2\/types\/product"}],"replies":[{"embeddable":true,"href":"https:\/\/demo.thefragrance.com.tr\/de\/wp-json\/wp\/v2\/comments?post=36523"}],"version-history":[{"count":0,"href":"https:\/\/demo.thefragrance.com.tr\/de\/wp-json\/wp\/v2\/product\/36523\/revisions"}],"wp:featuredmedia":[{"embeddable":true,"href":"https:\/\/demo.thefragrance.com.tr\/de\/wp-json\/wp\/v2\/media\/36524"}],"wp:attachment":[{"href":"https:\/\/demo.thefragrance.com.tr\/de\/wp-json\/wp\/v2\/media?parent=36523"}],"wp:term":[{"taxonomy":"product_brand","embeddable":true,"href":"https:\/\/demo.thefragrance.com.tr\/de\/wp-json\/wp\/v2\/product_brand?post=36523"},{"taxonomy":"product_cat","embeddable":true,"href":"https:\/\/demo.thefragrance.com.tr\/de\/wp-json\/wp\/v2\/product_cat?post=36523"},{"taxonomy":"product_tag","embeddable":true,"href":"https:\/\/demo.thefragrance.com.tr\/de\/wp-json\/wp\/v2\/product_tag?post=36523"}],"curies":[{"name":"wp","href":"https:\/\/api.w.org\/{rel}","templated":true}]}}