{"id":37145,"date":"2025-09-20T14:54:21","date_gmt":"2025-09-20T14:54:21","guid":{"rendered":"https:\/\/demo.thefragrance.com.tr\/product\/opal-secret-5\/"},"modified":"2025-09-20T14:54:21","modified_gmt":"2025-09-20T14:54:21","slug":"opal-secret-5","status":"publish","type":"product","link":"https:\/\/demo.thefragrance.com.tr\/de\/produkt\/opal-secret-5\/","title":{"rendered":"Opal Secret"},"content":{"rendered":"","protected":false},"excerpt":{"rendered":"<p>Angereichert mit floralen Noten und geschm\u00fcckt mit den k\u00f6stlichen D\u00fcften von Schokolade und Praline, verk\u00f6rpert dieses s\u00fcchtig machende Parf\u00fcm eine einzigartige und verw\u00f6hnende S\u00fc\u00dfe, die den raffinierten Geschmack und den gehobenen Status unserer anspruchsvollen Kundschaft anspricht.<\/p>\n","protected":false},"featured_media":37146,"comment_status":"open","ping_status":"closed","template":"","meta":{"_acf_changed":false},"product_brand":[],"product_cat":[434],"product_tag":[411],"class_list":{"0":"post-37145","1":"product","2":"type-product","3":"status-publish","4":"has-post-thumbnail","6":"product_cat-schlusselanhanger","7":"product_tag-konigliche-kollektion","8":"product_shipping_class-kostenpflichtiger-versand","10":"first","11":"instock","12":"shipping-taxable","13":"purchasable","14":"product-type-simple"},"acf":[],"_links":{"self":[{"href":"https:\/\/demo.thefragrance.com.tr\/de\/wp-json\/wp\/v2\/product\/37145","targetHints":{"allow":["GET"]}}],"collection":[{"href":"https:\/\/demo.thefragrance.com.tr\/de\/wp-json\/wp\/v2\/product"}],"about":[{"href":"https:\/\/demo.thefragrance.com.tr\/de\/wp-json\/wp\/v2\/types\/product"}],"replies":[{"embeddable":true,"href":"https:\/\/demo.thefragrance.com.tr\/de\/wp-json\/wp\/v2\/comments?post=37145"}],"version-history":[{"count":0,"href":"https:\/\/demo.thefragrance.com.tr\/de\/wp-json\/wp\/v2\/product\/37145\/revisions"}],"wp:featuredmedia":[{"embeddable":true,"href":"https:\/\/demo.thefragrance.com.tr\/de\/wp-json\/wp\/v2\/media\/37146"}],"wp:attachment":[{"href":"https:\/\/demo.thefragrance.com.tr\/de\/wp-json\/wp\/v2\/media?parent=37145"}],"wp:term":[{"taxonomy":"product_brand","embeddable":true,"href":"https:\/\/demo.thefragrance.com.tr\/de\/wp-json\/wp\/v2\/product_brand?post=37145"},{"taxonomy":"product_cat","embeddable":true,"href":"https:\/\/demo.thefragrance.com.tr\/de\/wp-json\/wp\/v2\/product_cat?post=37145"},{"taxonomy":"product_tag","embeddable":true,"href":"https:\/\/demo.thefragrance.com.tr\/de\/wp-json\/wp\/v2\/product_tag?post=37145"}],"curies":[{"name":"wp","href":"https:\/\/api.w.org\/{rel}","templated":true}]}}