{"id":37171,"date":"2025-09-20T14:56:27","date_gmt":"2025-09-20T14:56:27","guid":{"rendered":"https:\/\/demo.thefragrance.com.tr\/product\/pearl-harmony-5\/"},"modified":"2025-09-20T14:56:27","modified_gmt":"2025-09-20T14:56:27","slug":"pearl-harmony-5","status":"publish","type":"product","link":"https:\/\/demo.thefragrance.com.tr\/de\/produkt\/pearl-harmony-5\/","title":{"rendered":"Pearl Harmony"},"content":{"rendered":"","protected":false},"excerpt":{"rendered":"<p>Eine Ode an die Segnungen und das Geheimnis der Tiefsee. Eine Harmonie aus frischem Moschus, exotischen Gew\u00fcrzen und s\u00fc\u00dfer Rose auf einer Basis aus massivem Holz. <\/p>\n","protected":false},"featured_media":37172,"comment_status":"open","ping_status":"closed","template":"","meta":{"_acf_changed":false},"product_brand":[],"product_cat":[434],"product_tag":[411],"class_list":{"0":"post-37171","1":"product","2":"type-product","3":"status-publish","4":"has-post-thumbnail","6":"product_cat-schlusselanhanger","7":"product_tag-konigliche-kollektion","8":"product_shipping_class-kostenpflichtiger-versand","10":"first","11":"instock","12":"shipping-taxable","13":"purchasable","14":"product-type-simple"},"acf":[],"_links":{"self":[{"href":"https:\/\/demo.thefragrance.com.tr\/de\/wp-json\/wp\/v2\/product\/37171","targetHints":{"allow":["GET"]}}],"collection":[{"href":"https:\/\/demo.thefragrance.com.tr\/de\/wp-json\/wp\/v2\/product"}],"about":[{"href":"https:\/\/demo.thefragrance.com.tr\/de\/wp-json\/wp\/v2\/types\/product"}],"replies":[{"embeddable":true,"href":"https:\/\/demo.thefragrance.com.tr\/de\/wp-json\/wp\/v2\/comments?post=37171"}],"version-history":[{"count":0,"href":"https:\/\/demo.thefragrance.com.tr\/de\/wp-json\/wp\/v2\/product\/37171\/revisions"}],"wp:featuredmedia":[{"embeddable":true,"href":"https:\/\/demo.thefragrance.com.tr\/de\/wp-json\/wp\/v2\/media\/37172"}],"wp:attachment":[{"href":"https:\/\/demo.thefragrance.com.tr\/de\/wp-json\/wp\/v2\/media?parent=37171"}],"wp:term":[{"taxonomy":"product_brand","embeddable":true,"href":"https:\/\/demo.thefragrance.com.tr\/de\/wp-json\/wp\/v2\/product_brand?post=37171"},{"taxonomy":"product_cat","embeddable":true,"href":"https:\/\/demo.thefragrance.com.tr\/de\/wp-json\/wp\/v2\/product_cat?post=37171"},{"taxonomy":"product_tag","embeddable":true,"href":"https:\/\/demo.thefragrance.com.tr\/de\/wp-json\/wp\/v2\/product_tag?post=37171"}],"curies":[{"name":"wp","href":"https:\/\/api.w.org\/{rel}","templated":true}]}}