{"id":31452,"date":"2025-09-03T19:10:04","date_gmt":"2025-09-03T19:10:04","guid":{"rendered":"https:\/\/demo.thefragrance.com.tr\/product\/ruby-love\/"},"modified":"2025-11-11T08:37:57","modified_gmt":"2025-11-11T08:37:57","slug":"ruby-love","status":"publish","type":"product","link":"https:\/\/demo.thefragrance.com.tr\/es\/producto\/ruby-love\/","title":{"rendered":"Ruby Love"},"content":{"rendered":"","protected":false},"excerpt":{"rendered":"<p>Experimenta el atractivo magn\u00e9tico de Ruby Love, una mezcla cautivadora de feminidad jasm\u00e1nica y masculinidad ind\u00f3mita. El delicado jazm\u00edn, con toques de miel, vainilla y notas c\u00edtricas refrescantes, se asienta sobre habas tonka y pachul\u00ed, creando una fragancia irresistible que conmueve el alma. <\/p>\n","protected":false},"featured_media":29137,"comment_status":"open","ping_status":"closed","template":"","meta":{"_acf_changed":false},"product_brand":[],"product_cat":[164],"product_tag":[166,167],"class_list":{"0":"post-31452","1":"product","2":"type-product","3":"status-publish","4":"has-post-thumbnail","6":"product_cat-coleccion-crystal","7":"product_tag-coleccion-crystal","8":"product_tag-seleccion-de-regalos","9":"product_shipping_class-envio-de-pago","11":"first","12":"instock","13":"shipping-taxable","14":"purchasable","15":"product-type-simple"},"acf":[],"_links":{"self":[{"href":"https:\/\/demo.thefragrance.com.tr\/es\/wp-json\/wp\/v2\/product\/31452","targetHints":{"allow":["GET"]}}],"collection":[{"href":"https:\/\/demo.thefragrance.com.tr\/es\/wp-json\/wp\/v2\/product"}],"about":[{"href":"https:\/\/demo.thefragrance.com.tr\/es\/wp-json\/wp\/v2\/types\/product"}],"replies":[{"embeddable":true,"href":"https:\/\/demo.thefragrance.com.tr\/es\/wp-json\/wp\/v2\/comments?post=31452"}],"version-history":[{"count":1,"href":"https:\/\/demo.thefragrance.com.tr\/es\/wp-json\/wp\/v2\/product\/31452\/revisions"}],"predecessor-version":[{"id":35055,"href":"https:\/\/demo.thefragrance.com.tr\/es\/wp-json\/wp\/v2\/product\/31452\/revisions\/35055"}],"wp:featuredmedia":[{"embeddable":true,"href":"https:\/\/demo.thefragrance.com.tr\/es\/wp-json\/wp\/v2\/media\/29137"}],"wp:attachment":[{"href":"https:\/\/demo.thefragrance.com.tr\/es\/wp-json\/wp\/v2\/media?parent=31452"}],"wp:term":[{"taxonomy":"product_brand","embeddable":true,"href":"https:\/\/demo.thefragrance.com.tr\/es\/wp-json\/wp\/v2\/product_brand?post=31452"},{"taxonomy":"product_cat","embeddable":true,"href":"https:\/\/demo.thefragrance.com.tr\/es\/wp-json\/wp\/v2\/product_cat?post=31452"},{"taxonomy":"product_tag","embeddable":true,"href":"https:\/\/demo.thefragrance.com.tr\/es\/wp-json\/wp\/v2\/product_tag?post=31452"}],"curies":[{"name":"wp","href":"https:\/\/api.w.org\/{rel}","templated":true}]}}