{"id":31913,"date":"2025-09-03T19:10:05","date_gmt":"2025-09-03T19:10:05","guid":{"rendered":"https:\/\/demo.thefragrance.com.tr\/product\/the-duke\/"},"modified":"2025-11-11T18:49:58","modified_gmt":"2025-11-11T18:49:58","slug":"the-duke","status":"publish","type":"product","link":"https:\/\/demo.thefragrance.com.tr\/es\/producto\/the-duke\/","title":{"rendered":"The Duke"},"content":{"rendered":"","protected":false},"excerpt":{"rendered":"<p>La Royal Collection de The Fragrance captura la grandeza de la realeza con fragancias de elegancia y fuerza inigualables. The Duke, en su imponente frasco plateado, encarna el poder y la sofisticaci\u00f3n. Es un aroma para quienes lideran con gracia y valent\u00eda, una fragancia que deja una impresi\u00f3n inolvidable.  <\/p>\n","protected":false},"featured_media":35094,"comment_status":"open","ping_status":"closed","template":"","meta":{"_acf_changed":false},"product_brand":[],"product_cat":[268],"product_tag":[],"class_list":{"0":"post-31913","1":"product","2":"type-product","3":"status-publish","4":"has-post-thumbnail","6":"product_cat-coleccion-real","8":"first","9":"instock","10":"shipping-taxable","11":"purchasable","12":"product-type-simple"},"acf":[],"_links":{"self":[{"href":"https:\/\/demo.thefragrance.com.tr\/es\/wp-json\/wp\/v2\/product\/31913","targetHints":{"allow":["GET"]}}],"collection":[{"href":"https:\/\/demo.thefragrance.com.tr\/es\/wp-json\/wp\/v2\/product"}],"about":[{"href":"https:\/\/demo.thefragrance.com.tr\/es\/wp-json\/wp\/v2\/types\/product"}],"replies":[{"embeddable":true,"href":"https:\/\/demo.thefragrance.com.tr\/es\/wp-json\/wp\/v2\/comments?post=31913"}],"version-history":[{"count":2,"href":"https:\/\/demo.thefragrance.com.tr\/es\/wp-json\/wp\/v2\/product\/31913\/revisions"}],"predecessor-version":[{"id":35829,"href":"https:\/\/demo.thefragrance.com.tr\/es\/wp-json\/wp\/v2\/product\/31913\/revisions\/35829"}],"wp:featuredmedia":[{"embeddable":true,"href":"https:\/\/demo.thefragrance.com.tr\/es\/wp-json\/wp\/v2\/media\/35094"}],"wp:attachment":[{"href":"https:\/\/demo.thefragrance.com.tr\/es\/wp-json\/wp\/v2\/media?parent=31913"}],"wp:term":[{"taxonomy":"product_brand","embeddable":true,"href":"https:\/\/demo.thefragrance.com.tr\/es\/wp-json\/wp\/v2\/product_brand?post=31913"},{"taxonomy":"product_cat","embeddable":true,"href":"https:\/\/demo.thefragrance.com.tr\/es\/wp-json\/wp\/v2\/product_cat?post=31913"},{"taxonomy":"product_tag","embeddable":true,"href":"https:\/\/demo.thefragrance.com.tr\/es\/wp-json\/wp\/v2\/product_tag?post=31913"}],"curies":[{"name":"wp","href":"https:\/\/api.w.org\/{rel}","templated":true}]}}