{"id":31931,"date":"2025-09-03T19:10:05","date_gmt":"2025-09-03T19:10:05","guid":{"rendered":"https:\/\/demo.thefragrance.com.tr\/product\/discovery-set-crystal-collection\/"},"modified":"2025-11-11T18:59:15","modified_gmt":"2025-11-11T18:59:15","slug":"discovery-set-crystal-collection","status":"publish","type":"product","link":"https:\/\/demo.thefragrance.com.tr\/es\/producto\/discovery-set-crystal-collection\/","title":{"rendered":"Discovery Set &#8211; Crystal Collection"},"content":{"rendered":"","protected":false},"excerpt":{"rendered":"<p>Libera el poder del perfume con el Discovery Set de The Fragrance. Este lujoso set incluye las 10 fragancias de la Colecci\u00f3n Cristal, cada una cuidadosamente elaborada para ofrecer una experiencia \u00fanica y cautivadora. Abarca una amplia gama de familias olfativas, desde frescas y afrutadas hasta ricas y especiadas. El Discovery Set de The Fragrance te sumergir\u00e1 en el universo de la perfumer\u00eda y te ayudar\u00e1 a descubrir tu pr\u00f3xima fragancia distintiva.   <\/p>\n","protected":false},"featured_media":29167,"comment_status":"open","ping_status":"closed","template":"","meta":{"_acf_changed":false},"product_brand":[],"product_cat":[264],"product_tag":[],"class_list":{"0":"post-31931","1":"product","2":"type-product","3":"status-publish","4":"has-post-thumbnail","6":"product_cat-264","7":"product_shipping_class-envio-de-pago","9":"first","10":"instock","11":"shipping-taxable","12":"purchasable","13":"product-type-simple"},"acf":[],"_links":{"self":[{"href":"https:\/\/demo.thefragrance.com.tr\/es\/wp-json\/wp\/v2\/product\/31931","targetHints":{"allow":["GET"]}}],"collection":[{"href":"https:\/\/demo.thefragrance.com.tr\/es\/wp-json\/wp\/v2\/product"}],"about":[{"href":"https:\/\/demo.thefragrance.com.tr\/es\/wp-json\/wp\/v2\/types\/product"}],"replies":[{"embeddable":true,"href":"https:\/\/demo.thefragrance.com.tr\/es\/wp-json\/wp\/v2\/comments?post=31931"}],"version-history":[{"count":1,"href":"https:\/\/demo.thefragrance.com.tr\/es\/wp-json\/wp\/v2\/product\/31931\/revisions"}],"predecessor-version":[{"id":35110,"href":"https:\/\/demo.thefragrance.com.tr\/es\/wp-json\/wp\/v2\/product\/31931\/revisions\/35110"}],"wp:featuredmedia":[{"embeddable":true,"href":"https:\/\/demo.thefragrance.com.tr\/es\/wp-json\/wp\/v2\/media\/29167"}],"wp:attachment":[{"href":"https:\/\/demo.thefragrance.com.tr\/es\/wp-json\/wp\/v2\/media?parent=31931"}],"wp:term":[{"taxonomy":"product_brand","embeddable":true,"href":"https:\/\/demo.thefragrance.com.tr\/es\/wp-json\/wp\/v2\/product_brand?post=31931"},{"taxonomy":"product_cat","embeddable":true,"href":"https:\/\/demo.thefragrance.com.tr\/es\/wp-json\/wp\/v2\/product_cat?post=31931"},{"taxonomy":"product_tag","embeddable":true,"href":"https:\/\/demo.thefragrance.com.tr\/es\/wp-json\/wp\/v2\/product_tag?post=31931"}],"curies":[{"name":"wp","href":"https:\/\/api.w.org\/{rel}","templated":true}]}}