{"id":31964,"date":"2025-09-20T09:56:42","date_gmt":"2025-09-20T09:56:42","guid":{"rendered":"https:\/\/demo.thefragrance.com.tr\/product\/amethyst-soul-2\/"},"modified":"2025-11-12T12:07:29","modified_gmt":"2025-11-12T12:07:29","slug":"amethyst-soul-2","status":"publish","type":"product","link":"https:\/\/demo.thefragrance.com.tr\/es\/producto\/amethyst-soul-2\/","title":{"rendered":"Amethyst Soul"},"content":{"rendered":"","protected":false},"excerpt":{"rendered":"<p>Abraza un aroma frutal-floral reconfortante: sus notas de salida \u00e1cidas de maracuy\u00e1 y melocot\u00f3n conducen a un coraz\u00f3n radiante de nardo, jazm\u00edn, rosa y s\u00e1ndalo cremoso. La base empolvada de almizcle, \u00e1mbar y vainilla aporta calidez, creando un aura irresistible que te envuelve en puro encanto. <\/p>\n","protected":false},"featured_media":35125,"comment_status":"open","ping_status":"closed","template":"","meta":{"_acf_changed":false},"product_brand":[],"product_cat":[274,273],"product_tag":[166],"class_list":{"0":"post-31964","1":"product","2":"type-product","3":"status-publish","4":"has-post-thumbnail","6":"product_cat-cristal","7":"product_cat-difusor-de-varillas","8":"product_tag-coleccion-crystal","9":"product_shipping_class-envio-de-pago","11":"first","12":"instock","13":"shipping-taxable","14":"purchasable","15":"product-type-simple"},"acf":[],"_links":{"self":[{"href":"https:\/\/demo.thefragrance.com.tr\/es\/wp-json\/wp\/v2\/product\/31964","targetHints":{"allow":["GET"]}}],"collection":[{"href":"https:\/\/demo.thefragrance.com.tr\/es\/wp-json\/wp\/v2\/product"}],"about":[{"href":"https:\/\/demo.thefragrance.com.tr\/es\/wp-json\/wp\/v2\/types\/product"}],"replies":[{"embeddable":true,"href":"https:\/\/demo.thefragrance.com.tr\/es\/wp-json\/wp\/v2\/comments?post=31964"}],"version-history":[{"count":1,"href":"https:\/\/demo.thefragrance.com.tr\/es\/wp-json\/wp\/v2\/product\/31964\/revisions"}],"predecessor-version":[{"id":35127,"href":"https:\/\/demo.thefragrance.com.tr\/es\/wp-json\/wp\/v2\/product\/31964\/revisions\/35127"}],"wp:featuredmedia":[{"embeddable":true,"href":"https:\/\/demo.thefragrance.com.tr\/es\/wp-json\/wp\/v2\/media\/35125"}],"wp:attachment":[{"href":"https:\/\/demo.thefragrance.com.tr\/es\/wp-json\/wp\/v2\/media?parent=31964"}],"wp:term":[{"taxonomy":"product_brand","embeddable":true,"href":"https:\/\/demo.thefragrance.com.tr\/es\/wp-json\/wp\/v2\/product_brand?post=31964"},{"taxonomy":"product_cat","embeddable":true,"href":"https:\/\/demo.thefragrance.com.tr\/es\/wp-json\/wp\/v2\/product_cat?post=31964"},{"taxonomy":"product_tag","embeddable":true,"href":"https:\/\/demo.thefragrance.com.tr\/es\/wp-json\/wp\/v2\/product_tag?post=31964"}],"curies":[{"name":"wp","href":"https:\/\/api.w.org\/{rel}","templated":true}]}}