{"id":33670,"date":"2025-10-27T08:30:33","date_gmt":"2025-10-27T08:30:33","guid":{"rendered":"https:\/\/demo.thefragrance.com.tr\/?post_type=product&#038;p=33670"},"modified":"2025-10-27T08:32:19","modified_gmt":"2025-10-27T08:32:19","slug":"ruby-love-copy","status":"publish","type":"product","link":"https:\/\/demo.thefragrance.com.tr\/es\/producto\/ruby-love-copy\/","title":{"rendered":"Ruby Love (Copy)"},"content":{"rendered":"","protected":false},"excerpt":{"rendered":"<p>Experimenta el atractivo magn\u00e9tico de Ruby Love, una mezcla cautivadora de feminidad jasm\u00e1nica y masculinidad ind\u00f3mita. El delicado jazm\u00edn, con toques de miel, vainilla y notas c\u00edtricas refrescantes, se asienta sobre habas tonka y pachul\u00ed, creando una fragancia irresistible que conmueve el alma. <\/p>\n","protected":false},"featured_media":38677,"comment_status":"open","ping_status":"closed","template":"","meta":{"_acf_changed":false},"product_brand":[],"product_cat":[164],"product_tag":[166,167],"class_list":{"0":"post-33670","1":"product","2":"type-product","3":"status-publish","4":"has-post-thumbnail","6":"product_cat-coleccion-crystal","7":"product_tag-coleccion-crystal","8":"product_tag-seleccion-de-regalos","9":"product_shipping_class-envio-de-pago","11":"first","12":"instock","13":"shipping-taxable","14":"purchasable","15":"product-type-simple"},"acf":[],"_links":{"self":[{"href":"https:\/\/demo.thefragrance.com.tr\/es\/wp-json\/wp\/v2\/product\/33670","targetHints":{"allow":["GET"]}}],"collection":[{"href":"https:\/\/demo.thefragrance.com.tr\/es\/wp-json\/wp\/v2\/product"}],"about":[{"href":"https:\/\/demo.thefragrance.com.tr\/es\/wp-json\/wp\/v2\/types\/product"}],"replies":[{"embeddable":true,"href":"https:\/\/demo.thefragrance.com.tr\/es\/wp-json\/wp\/v2\/comments?post=33670"}],"version-history":[{"count":1,"href":"https:\/\/demo.thefragrance.com.tr\/es\/wp-json\/wp\/v2\/product\/33670\/revisions"}],"predecessor-version":[{"id":33680,"href":"https:\/\/demo.thefragrance.com.tr\/es\/wp-json\/wp\/v2\/product\/33670\/revisions\/33680"}],"wp:featuredmedia":[{"embeddable":true,"href":"https:\/\/demo.thefragrance.com.tr\/es\/wp-json\/wp\/v2\/media\/38677"}],"wp:attachment":[{"href":"https:\/\/demo.thefragrance.com.tr\/es\/wp-json\/wp\/v2\/media?parent=33670"}],"wp:term":[{"taxonomy":"product_brand","embeddable":true,"href":"https:\/\/demo.thefragrance.com.tr\/es\/wp-json\/wp\/v2\/product_brand?post=33670"},{"taxonomy":"product_cat","embeddable":true,"href":"https:\/\/demo.thefragrance.com.tr\/es\/wp-json\/wp\/v2\/product_cat?post=33670"},{"taxonomy":"product_tag","embeddable":true,"href":"https:\/\/demo.thefragrance.com.tr\/es\/wp-json\/wp\/v2\/product_tag?post=33670"}],"curies":[{"name":"wp","href":"https:\/\/api.w.org\/{rel}","templated":true}]}}