{"id":34314,"date":"2025-10-28T11:31:55","date_gmt":"2025-10-28T11:31:55","guid":{"rendered":"https:\/\/demo.thefragrance.com.tr\/?post_type=product&#038;p=34314"},"modified":"2025-10-28T11:33:34","modified_gmt":"2025-10-28T11:33:34","slug":"topaz-glamour-copy","status":"publish","type":"product","link":"https:\/\/demo.thefragrance.com.tr\/es\/producto\/topaz-glamour-copy\/","title":{"rendered":"Topaz Glamour (Copy)"},"content":{"rendered":"","protected":false},"excerpt":{"rendered":"<p>La fragancia Topaz Glamour captura la esencia del glamour juvenil, reflejando sus caprichos siempre cambiantes y un optimismo impulsivo. Inspirada en la rara gema del topacio, su color vibrante y su energ\u00eda reflejan una sensaci\u00f3n de estatus elevado y una resonancia emocional, invit\u00e1ndote a abrazar un relato de autodescubrimiento en medio de la incertidumbre menguante de la vida.<\/p>\n","protected":false},"featured_media":38646,"comment_status":"open","ping_status":"closed","template":"","meta":{"_acf_changed":false},"product_brand":[],"product_cat":[164],"product_tag":[166,167],"class_list":{"0":"post-34314","1":"product","2":"type-product","3":"status-publish","4":"has-post-thumbnail","6":"product_cat-coleccion-crystal","7":"product_tag-coleccion-crystal","8":"product_tag-seleccion-de-regalos","9":"product_shipping_class-envio-de-pago","11":"first","12":"instock","13":"shipping-taxable","14":"purchasable","15":"product-type-simple"},"acf":[],"_links":{"self":[{"href":"https:\/\/demo.thefragrance.com.tr\/es\/wp-json\/wp\/v2\/product\/34314","targetHints":{"allow":["GET"]}}],"collection":[{"href":"https:\/\/demo.thefragrance.com.tr\/es\/wp-json\/wp\/v2\/product"}],"about":[{"href":"https:\/\/demo.thefragrance.com.tr\/es\/wp-json\/wp\/v2\/types\/product"}],"replies":[{"embeddable":true,"href":"https:\/\/demo.thefragrance.com.tr\/es\/wp-json\/wp\/v2\/comments?post=34314"}],"version-history":[{"count":1,"href":"https:\/\/demo.thefragrance.com.tr\/es\/wp-json\/wp\/v2\/product\/34314\/revisions"}],"predecessor-version":[{"id":34323,"href":"https:\/\/demo.thefragrance.com.tr\/es\/wp-json\/wp\/v2\/product\/34314\/revisions\/34323"}],"wp:featuredmedia":[{"embeddable":true,"href":"https:\/\/demo.thefragrance.com.tr\/es\/wp-json\/wp\/v2\/media\/38646"}],"wp:attachment":[{"href":"https:\/\/demo.thefragrance.com.tr\/es\/wp-json\/wp\/v2\/media?parent=34314"}],"wp:term":[{"taxonomy":"product_brand","embeddable":true,"href":"https:\/\/demo.thefragrance.com.tr\/es\/wp-json\/wp\/v2\/product_brand?post=34314"},{"taxonomy":"product_cat","embeddable":true,"href":"https:\/\/demo.thefragrance.com.tr\/es\/wp-json\/wp\/v2\/product_cat?post=34314"},{"taxonomy":"product_tag","embeddable":true,"href":"https:\/\/demo.thefragrance.com.tr\/es\/wp-json\/wp\/v2\/product_tag?post=34314"}],"curies":[{"name":"wp","href":"https:\/\/api.w.org\/{rel}","templated":true}]}}