{"id":34470,"date":"2025-10-28T13:34:06","date_gmt":"2025-10-28T13:34:06","guid":{"rendered":"https:\/\/demo.thefragrance.com.tr\/?post_type=product&#038;p=34470"},"modified":"2025-10-28T13:36:01","modified_gmt":"2025-10-28T13:36:01","slug":"amethyst-soul-copy","status":"publish","type":"product","link":"https:\/\/demo.thefragrance.com.tr\/es\/producto\/amethyst-soul-copy\/","title":{"rendered":"Amethyst Soul (Copy)"},"content":{"rendered":"","protected":false},"excerpt":{"rendered":"<p>Abraza un aroma afrutado-floral reconfortante; sus notas de salida \u00e1cidas de maracuy\u00e1 y melocot\u00f3n conducen a un coraz\u00f3n radiante de nardo, jazm\u00edn, rosa y s\u00e1ndalo cremoso. Una base empolvada de almizcle, \u00e1mbar y vainilla aporta calidez, creando un aura irresistible que te envuelve en puro encanto. <\/p>\n","protected":false},"featured_media":38631,"comment_status":"open","ping_status":"closed","template":"","meta":{"_acf_changed":false},"product_brand":[],"product_cat":[164],"product_tag":[166],"class_list":{"0":"post-34470","1":"product","2":"type-product","3":"status-publish","4":"has-post-thumbnail","6":"product_cat-coleccion-crystal","7":"product_tag-coleccion-crystal","8":"product_shipping_class-envio-de-pago","10":"first","11":"instock","12":"shipping-taxable","13":"purchasable","14":"product-type-simple"},"acf":[],"_links":{"self":[{"href":"https:\/\/demo.thefragrance.com.tr\/es\/wp-json\/wp\/v2\/product\/34470","targetHints":{"allow":["GET"]}}],"collection":[{"href":"https:\/\/demo.thefragrance.com.tr\/es\/wp-json\/wp\/v2\/product"}],"about":[{"href":"https:\/\/demo.thefragrance.com.tr\/es\/wp-json\/wp\/v2\/types\/product"}],"replies":[{"embeddable":true,"href":"https:\/\/demo.thefragrance.com.tr\/es\/wp-json\/wp\/v2\/comments?post=34470"}],"version-history":[{"count":1,"href":"https:\/\/demo.thefragrance.com.tr\/es\/wp-json\/wp\/v2\/product\/34470\/revisions"}],"predecessor-version":[{"id":34478,"href":"https:\/\/demo.thefragrance.com.tr\/es\/wp-json\/wp\/v2\/product\/34470\/revisions\/34478"}],"wp:featuredmedia":[{"embeddable":true,"href":"https:\/\/demo.thefragrance.com.tr\/es\/wp-json\/wp\/v2\/media\/38631"}],"wp:attachment":[{"href":"https:\/\/demo.thefragrance.com.tr\/es\/wp-json\/wp\/v2\/media?parent=34470"}],"wp:term":[{"taxonomy":"product_brand","embeddable":true,"href":"https:\/\/demo.thefragrance.com.tr\/es\/wp-json\/wp\/v2\/product_brand?post=34470"},{"taxonomy":"product_cat","embeddable":true,"href":"https:\/\/demo.thefragrance.com.tr\/es\/wp-json\/wp\/v2\/product_cat?post=34470"},{"taxonomy":"product_tag","embeddable":true,"href":"https:\/\/demo.thefragrance.com.tr\/es\/wp-json\/wp\/v2\/product_tag?post=34470"}],"curies":[{"name":"wp","href":"https:\/\/api.w.org\/{rel}","templated":true}]}}