{"id":35144,"date":"2025-09-20T11:42:33","date_gmt":"2025-09-20T11:42:33","guid":{"rendered":"https:\/\/demo.thefragrance.com.tr\/product\/the-duke-2\/"},"modified":"2025-11-12T14:19:11","modified_gmt":"2025-11-12T14:19:11","slug":"the-duke-2","status":"publish","type":"product","link":"https:\/\/demo.thefragrance.com.tr\/es\/producto\/the-duke-2\/","title":{"rendered":"The Duke"},"content":{"rendered":"","protected":false},"excerpt":{"rendered":"<p>La Royal Collection de The Fragrance captura la grandeza de la realeza con fragancias de elegancia y fuerza inigualables. The Duke, en su imponente frasco plateado, encarna el poder y la sofisticaci\u00f3n. Es un aroma para quienes lideran con gracia y valent\u00eda, una fragancia que deja una impresi\u00f3n inolvidable.  <\/p>\n","protected":false},"featured_media":35146,"comment_status":"open","ping_status":"closed","template":"","meta":{"_acf_changed":false},"product_brand":[],"product_cat":[273,366],"product_tag":[367],"class_list":{"0":"post-35144","1":"product","2":"type-product","3":"status-publish","4":"has-post-thumbnail","6":"product_cat-difusor-de-varillas","7":"product_cat-real","8":"product_tag-coleccion-real","9":"product_shipping_class-envio-de-pago","11":"first","12":"instock","13":"shipping-taxable","14":"purchasable","15":"product-type-simple"},"acf":[],"_links":{"self":[{"href":"https:\/\/demo.thefragrance.com.tr\/es\/wp-json\/wp\/v2\/product\/35144","targetHints":{"allow":["GET"]}}],"collection":[{"href":"https:\/\/demo.thefragrance.com.tr\/es\/wp-json\/wp\/v2\/product"}],"about":[{"href":"https:\/\/demo.thefragrance.com.tr\/es\/wp-json\/wp\/v2\/types\/product"}],"replies":[{"embeddable":true,"href":"https:\/\/demo.thefragrance.com.tr\/es\/wp-json\/wp\/v2\/comments?post=35144"}],"version-history":[{"count":1,"href":"https:\/\/demo.thefragrance.com.tr\/es\/wp-json\/wp\/v2\/product\/35144\/revisions"}],"predecessor-version":[{"id":35834,"href":"https:\/\/demo.thefragrance.com.tr\/es\/wp-json\/wp\/v2\/product\/35144\/revisions\/35834"}],"wp:featuredmedia":[{"embeddable":true,"href":"https:\/\/demo.thefragrance.com.tr\/es\/wp-json\/wp\/v2\/media\/35146"}],"wp:attachment":[{"href":"https:\/\/demo.thefragrance.com.tr\/es\/wp-json\/wp\/v2\/media?parent=35144"}],"wp:term":[{"taxonomy":"product_brand","embeddable":true,"href":"https:\/\/demo.thefragrance.com.tr\/es\/wp-json\/wp\/v2\/product_brand?post=35144"},{"taxonomy":"product_cat","embeddable":true,"href":"https:\/\/demo.thefragrance.com.tr\/es\/wp-json\/wp\/v2\/product_cat?post=35144"},{"taxonomy":"product_tag","embeddable":true,"href":"https:\/\/demo.thefragrance.com.tr\/es\/wp-json\/wp\/v2\/product_tag?post=35144"}],"curies":[{"name":"wp","href":"https:\/\/api.w.org\/{rel}","templated":true}]}}