{"id":35397,"date":"2025-09-20T14:04:43","date_gmt":"2025-09-20T14:04:43","guid":{"rendered":"https:\/\/demo.thefragrance.com.tr\/product\/amethyst-soul-5\/"},"modified":"2025-09-20T14:04:43","modified_gmt":"2025-09-20T14:04:43","slug":"amethyst-soul-5","status":"publish","type":"product","link":"https:\/\/demo.thefragrance.com.tr\/es\/producto\/amethyst-soul-5\/","title":{"rendered":"Amethyst Soul"},"content":{"rendered":"","protected":false},"excerpt":{"rendered":"<p>Abraza un aroma frutal-floral reconfortante: sus notas de salida \u00e1cidas de maracuy\u00e1 y melocot\u00f3n conducen a un coraz\u00f3n radiante de nardo, jazm\u00edn, rosa y s\u00e1ndalo cremoso. La base empolvada de almizcle, \u00e1mbar y vainilla aporta calidez, creando un aura irresistible que te envuelve en puro encanto. <\/p>\n","protected":false},"featured_media":35398,"comment_status":"open","ping_status":"closed","template":"","meta":{"_acf_changed":false},"product_brand":[],"product_cat":[385],"product_tag":[367],"class_list":{"0":"post-35397","1":"product","2":"type-product","3":"status-publish","4":"has-post-thumbnail","6":"product_cat-llavero","7":"product_tag-coleccion-real","8":"product_shipping_class-envio-de-pago","10":"first","11":"instock","12":"shipping-taxable","13":"purchasable","14":"product-type-simple"},"acf":[],"_links":{"self":[{"href":"https:\/\/demo.thefragrance.com.tr\/es\/wp-json\/wp\/v2\/product\/35397","targetHints":{"allow":["GET"]}}],"collection":[{"href":"https:\/\/demo.thefragrance.com.tr\/es\/wp-json\/wp\/v2\/product"}],"about":[{"href":"https:\/\/demo.thefragrance.com.tr\/es\/wp-json\/wp\/v2\/types\/product"}],"replies":[{"embeddable":true,"href":"https:\/\/demo.thefragrance.com.tr\/es\/wp-json\/wp\/v2\/comments?post=35397"}],"version-history":[{"count":0,"href":"https:\/\/demo.thefragrance.com.tr\/es\/wp-json\/wp\/v2\/product\/35397\/revisions"}],"wp:featuredmedia":[{"embeddable":true,"href":"https:\/\/demo.thefragrance.com.tr\/es\/wp-json\/wp\/v2\/media\/35398"}],"wp:attachment":[{"href":"https:\/\/demo.thefragrance.com.tr\/es\/wp-json\/wp\/v2\/media?parent=35397"}],"wp:term":[{"taxonomy":"product_brand","embeddable":true,"href":"https:\/\/demo.thefragrance.com.tr\/es\/wp-json\/wp\/v2\/product_brand?post=35397"},{"taxonomy":"product_cat","embeddable":true,"href":"https:\/\/demo.thefragrance.com.tr\/es\/wp-json\/wp\/v2\/product_cat?post=35397"},{"taxonomy":"product_tag","embeddable":true,"href":"https:\/\/demo.thefragrance.com.tr\/es\/wp-json\/wp\/v2\/product_tag?post=35397"}],"curies":[{"name":"wp","href":"https:\/\/api.w.org\/{rel}","templated":true}]}}