{"id":35558,"date":"2025-10-14T20:36:49","date_gmt":"2025-10-14T20:36:49","guid":{"rendered":"https:\/\/demo.thefragrance.com.tr\/product\/topaz-glamour-6\/"},"modified":"2025-10-14T20:36:49","modified_gmt":"2025-10-14T20:36:49","slug":"topaz-glamour-6","status":"publish","type":"product","link":"https:\/\/demo.thefragrance.com.tr\/es\/producto\/topaz-glamour-6\/","title":{"rendered":"Topaz Glamour"},"content":{"rendered":"","protected":false},"excerpt":{"rendered":"<p>La fragancia Topaz Glamour captura la esencia del glamour juvenil, reflejando sus caprichos siempre cambiantes y un optimismo impulsivo. Inspirada en la rara gema del topacio, su color vibrante y su energ\u00eda reflejan una sensaci\u00f3n de estatus elevado y una resonancia emocional, invit\u00e1ndote a abrazar un relato de autodescubrimiento en medio de la incertidumbre menguante de la vida. <\/p>\n","protected":false},"featured_media":35561,"comment_status":"open","ping_status":"closed","template":"","meta":{"_acf_changed":false},"product_brand":[],"product_cat":[391,390],"product_tag":[],"class_list":{"0":"post-35558","1":"product","2":"type-product","3":"status-publish","4":"has-post-thumbnail","6":"product_cat-recambio-de-difusor","7":"product_cat-recarga","9":"first","10":"instock","11":"shipping-taxable","12":"purchasable","13":"product-type-simple"},"acf":[],"_links":{"self":[{"href":"https:\/\/demo.thefragrance.com.tr\/es\/wp-json\/wp\/v2\/product\/35558","targetHints":{"allow":["GET"]}}],"collection":[{"href":"https:\/\/demo.thefragrance.com.tr\/es\/wp-json\/wp\/v2\/product"}],"about":[{"href":"https:\/\/demo.thefragrance.com.tr\/es\/wp-json\/wp\/v2\/types\/product"}],"replies":[{"embeddable":true,"href":"https:\/\/demo.thefragrance.com.tr\/es\/wp-json\/wp\/v2\/comments?post=35558"}],"version-history":[{"count":0,"href":"https:\/\/demo.thefragrance.com.tr\/es\/wp-json\/wp\/v2\/product\/35558\/revisions"}],"wp:featuredmedia":[{"embeddable":true,"href":"https:\/\/demo.thefragrance.com.tr\/es\/wp-json\/wp\/v2\/media\/35561"}],"wp:attachment":[{"href":"https:\/\/demo.thefragrance.com.tr\/es\/wp-json\/wp\/v2\/media?parent=35558"}],"wp:term":[{"taxonomy":"product_brand","embeddable":true,"href":"https:\/\/demo.thefragrance.com.tr\/es\/wp-json\/wp\/v2\/product_brand?post=35558"},{"taxonomy":"product_cat","embeddable":true,"href":"https:\/\/demo.thefragrance.com.tr\/es\/wp-json\/wp\/v2\/product_cat?post=35558"},{"taxonomy":"product_tag","embeddable":true,"href":"https:\/\/demo.thefragrance.com.tr\/es\/wp-json\/wp\/v2\/product_tag?post=35558"}],"curies":[{"name":"wp","href":"https:\/\/api.w.org\/{rel}","templated":true}]}}