{"id":35564,"date":"2025-10-15T08:33:03","date_gmt":"2025-10-15T08:33:03","guid":{"rendered":"https:\/\/demo.thefragrance.com.tr\/product\/kit-experto-de-cristal\/"},"modified":"2025-10-15T08:33:03","modified_gmt":"2025-10-15T08:33:03","slug":"kit-experto-de-cristal","status":"publish","type":"product","link":"https:\/\/demo.thefragrance.com.tr\/es\/producto\/kit-experto-de-cristal\/","title":{"rendered":"Kit Experto de Cristal"},"content":{"rendered":"","protected":false},"excerpt":{"rendered":"<p>La Colecci\u00f3n Real es un homenaje a la elegancia y la realeza, encarnado en tres fragancias lujosas: The Duke, The Duchess y The Crown.<br \/>\nCada aroma refleja la gracia y la sofisticaci\u00f3n de la realeza, creando una armoniosa fusi\u00f3n de tradici\u00f3n y modernidad.<\/p>\n","protected":false},"featured_media":35565,"comment_status":"open","ping_status":"closed","template":"","meta":{"_acf_changed":false},"product_brand":[],"product_cat":[164],"product_tag":[],"class_list":{"0":"post-35564","1":"product","2":"type-product","3":"status-publish","4":"has-post-thumbnail","6":"product_cat-coleccion-crystal","7":"product_shipping_class-envio-de-pago","9":"first","10":"instock","11":"shipping-taxable","12":"purchasable","13":"product-type-simple"},"acf":[],"_links":{"self":[{"href":"https:\/\/demo.thefragrance.com.tr\/es\/wp-json\/wp\/v2\/product\/35564","targetHints":{"allow":["GET"]}}],"collection":[{"href":"https:\/\/demo.thefragrance.com.tr\/es\/wp-json\/wp\/v2\/product"}],"about":[{"href":"https:\/\/demo.thefragrance.com.tr\/es\/wp-json\/wp\/v2\/types\/product"}],"replies":[{"embeddable":true,"href":"https:\/\/demo.thefragrance.com.tr\/es\/wp-json\/wp\/v2\/comments?post=35564"}],"version-history":[{"count":0,"href":"https:\/\/demo.thefragrance.com.tr\/es\/wp-json\/wp\/v2\/product\/35564\/revisions"}],"wp:featuredmedia":[{"embeddable":true,"href":"https:\/\/demo.thefragrance.com.tr\/es\/wp-json\/wp\/v2\/media\/35565"}],"wp:attachment":[{"href":"https:\/\/demo.thefragrance.com.tr\/es\/wp-json\/wp\/v2\/media?parent=35564"}],"wp:term":[{"taxonomy":"product_brand","embeddable":true,"href":"https:\/\/demo.thefragrance.com.tr\/es\/wp-json\/wp\/v2\/product_brand?post=35564"},{"taxonomy":"product_cat","embeddable":true,"href":"https:\/\/demo.thefragrance.com.tr\/es\/wp-json\/wp\/v2\/product_cat?post=35564"},{"taxonomy":"product_tag","embeddable":true,"href":"https:\/\/demo.thefragrance.com.tr\/es\/wp-json\/wp\/v2\/product_tag?post=35564"}],"curies":[{"name":"wp","href":"https:\/\/api.w.org\/{rel}","templated":true}]}}