{"id":35654,"date":"2025-10-27T08:27:15","date_gmt":"2025-10-27T08:27:15","guid":{"rendered":"https:\/\/demo.thefragrance.com.tr\/product\/ruby-love-8\/"},"modified":"2025-10-27T08:27:15","modified_gmt":"2025-10-27T08:27:15","slug":"ruby-love-8","status":"publish","type":"product","link":"https:\/\/demo.thefragrance.com.tr\/es\/producto\/ruby-love-8\/","title":{"rendered":"Ruby Love"},"content":{"rendered":"","protected":false},"excerpt":{"rendered":"<p>Experimenta el atractivo magn\u00e9tico de Ruby Love, una mezcla cautivadora de feminidad jasm\u00e1nica y masculinidad ind\u00f3mita. El delicado jazm\u00edn, con toques de miel, vainilla y notas c\u00edtricas refrescantes, se asienta sobre habas tonka y pachul\u00ed, creando una fragancia irresistible que conmueve el alma. <\/p>\n","protected":false},"featured_media":35656,"comment_status":"open","ping_status":"closed","template":"","meta":{"_acf_changed":false},"product_brand":[],"product_cat":[394,390],"product_tag":[],"class_list":{"0":"post-35654","1":"product","2":"type-product","3":"status-publish","4":"has-post-thumbnail","6":"product_cat-recambio-de-vela","7":"product_cat-recarga","9":"first","10":"instock","11":"shipping-taxable","12":"purchasable","13":"product-type-simple"},"acf":[],"_links":{"self":[{"href":"https:\/\/demo.thefragrance.com.tr\/es\/wp-json\/wp\/v2\/product\/35654","targetHints":{"allow":["GET"]}}],"collection":[{"href":"https:\/\/demo.thefragrance.com.tr\/es\/wp-json\/wp\/v2\/product"}],"about":[{"href":"https:\/\/demo.thefragrance.com.tr\/es\/wp-json\/wp\/v2\/types\/product"}],"replies":[{"embeddable":true,"href":"https:\/\/demo.thefragrance.com.tr\/es\/wp-json\/wp\/v2\/comments?post=35654"}],"version-history":[{"count":0,"href":"https:\/\/demo.thefragrance.com.tr\/es\/wp-json\/wp\/v2\/product\/35654\/revisions"}],"wp:featuredmedia":[{"embeddable":true,"href":"https:\/\/demo.thefragrance.com.tr\/es\/wp-json\/wp\/v2\/media\/35656"}],"wp:attachment":[{"href":"https:\/\/demo.thefragrance.com.tr\/es\/wp-json\/wp\/v2\/media?parent=35654"}],"wp:term":[{"taxonomy":"product_brand","embeddable":true,"href":"https:\/\/demo.thefragrance.com.tr\/es\/wp-json\/wp\/v2\/product_brand?post=35654"},{"taxonomy":"product_cat","embeddable":true,"href":"https:\/\/demo.thefragrance.com.tr\/es\/wp-json\/wp\/v2\/product_cat?post=35654"},{"taxonomy":"product_tag","embeddable":true,"href":"https:\/\/demo.thefragrance.com.tr\/es\/wp-json\/wp\/v2\/product_tag?post=35654"}],"curies":[{"name":"wp","href":"https:\/\/api.w.org\/{rel}","templated":true}]}}