{"id":35749,"date":"2025-10-27T14:30:57","date_gmt":"2025-10-27T14:30:57","guid":{"rendered":"https:\/\/demo.thefragrance.com.tr\/product\/topaz-glamour-10\/"},"modified":"2025-10-27T14:30:57","modified_gmt":"2025-10-27T14:30:57","slug":"topaz-glamour-10","status":"publish","type":"product","link":"https:\/\/demo.thefragrance.com.tr\/es\/producto\/topaz-glamour-10\/","title":{"rendered":"Topaz Glamour"},"content":{"rendered":"","protected":false},"excerpt":{"rendered":"<p>La fragancia Topaz Glamour captura la esencia del glamour juvenil, reflejando sus caprichos siempre cambiantes y un optimismo impulsivo. Inspirada en la rara gema del topacio, su color vibrante y su energ\u00eda reflejan una sensaci\u00f3n de estatus elevado y una resonancia emocional, invit\u00e1ndote a abrazar un relato de autodescubrimiento en medio de la incertidumbre menguante de la vida. <\/p>\n","protected":false},"featured_media":35750,"comment_status":"open","ping_status":"closed","template":"","meta":{"_acf_changed":false},"product_brand":[],"product_cat":[396,390],"product_tag":[],"class_list":{"0":"post-35749","1":"product","2":"type-product","3":"status-publish","4":"has-post-thumbnail","6":"product_cat-recambios-para-llavero","7":"product_cat-recarga","8":"product_shipping_class-envio-de-pago","10":"first","11":"instock","12":"shipping-taxable","13":"purchasable","14":"product-type-simple"},"acf":[],"_links":{"self":[{"href":"https:\/\/demo.thefragrance.com.tr\/es\/wp-json\/wp\/v2\/product\/35749","targetHints":{"allow":["GET"]}}],"collection":[{"href":"https:\/\/demo.thefragrance.com.tr\/es\/wp-json\/wp\/v2\/product"}],"about":[{"href":"https:\/\/demo.thefragrance.com.tr\/es\/wp-json\/wp\/v2\/types\/product"}],"replies":[{"embeddable":true,"href":"https:\/\/demo.thefragrance.com.tr\/es\/wp-json\/wp\/v2\/comments?post=35749"}],"version-history":[{"count":0,"href":"https:\/\/demo.thefragrance.com.tr\/es\/wp-json\/wp\/v2\/product\/35749\/revisions"}],"wp:featuredmedia":[{"embeddable":true,"href":"https:\/\/demo.thefragrance.com.tr\/es\/wp-json\/wp\/v2\/media\/35750"}],"wp:attachment":[{"href":"https:\/\/demo.thefragrance.com.tr\/es\/wp-json\/wp\/v2\/media?parent=35749"}],"wp:term":[{"taxonomy":"product_brand","embeddable":true,"href":"https:\/\/demo.thefragrance.com.tr\/es\/wp-json\/wp\/v2\/product_brand?post=35749"},{"taxonomy":"product_cat","embeddable":true,"href":"https:\/\/demo.thefragrance.com.tr\/es\/wp-json\/wp\/v2\/product_cat?post=35749"},{"taxonomy":"product_tag","embeddable":true,"href":"https:\/\/demo.thefragrance.com.tr\/es\/wp-json\/wp\/v2\/product_tag?post=35749"}],"curies":[{"name":"wp","href":"https:\/\/api.w.org\/{rel}","templated":true}]}}