{"id":31500,"date":"2025-09-03T19:10:04","date_gmt":"2025-09-03T19:10:04","guid":{"rendered":"https:\/\/demo.thefragrance.com.tr\/product\/ruby-love\/"},"modified":"2025-11-10T11:32:34","modified_gmt":"2025-11-10T11:32:34","slug":"ruby-love","status":"publish","type":"product","link":"https:\/\/demo.thefragrance.com.tr\/fr\/produit\/ruby-love\/","title":{"rendered":"Ruby Love"},"content":{"rendered":"","protected":false},"excerpt":{"rendered":"<p>D\u00e9couvrez l&#8217;attrait magn\u00e9tique de Ruby Love, un m\u00e9lange captivant de f\u00e9minit\u00e9 jasmanique et de masculinit\u00e9 indompt\u00e9e. Le jasmin d\u00e9licat infus\u00e9 de miel, de vanille et de notes d&#8217;agrumes rafra\u00eechissantes, ancr\u00e9 par des f\u00e8ves tonka et du patchouli, cr\u00e9e un parfum irr\u00e9sistible qui remue l&#8217;\u00e2me. <\/p>\n","protected":false},"featured_media":29137,"comment_status":"open","ping_status":"closed","template":"","meta":{"_acf_changed":false},"product_brand":[],"product_cat":[192],"product_tag":[194,195],"class_list":{"0":"post-31500","1":"product","2":"type-product","3":"status-publish","4":"has-post-thumbnail","6":"product_cat-collection-crystal","7":"product_tag-collection-crystal","8":"product_tag-selection-de-cadeaux","9":"product_shipping_class-livraison-payante","11":"first","12":"instock","13":"shipping-taxable","14":"purchasable","15":"product-type-simple"},"acf":[],"_links":{"self":[{"href":"https:\/\/demo.thefragrance.com.tr\/fr\/wp-json\/wp\/v2\/product\/31500","targetHints":{"allow":["GET"]}}],"collection":[{"href":"https:\/\/demo.thefragrance.com.tr\/fr\/wp-json\/wp\/v2\/product"}],"about":[{"href":"https:\/\/demo.thefragrance.com.tr\/fr\/wp-json\/wp\/v2\/types\/product"}],"replies":[{"embeddable":true,"href":"https:\/\/demo.thefragrance.com.tr\/fr\/wp-json\/wp\/v2\/comments?post=31500"}],"version-history":[{"count":1,"href":"https:\/\/demo.thefragrance.com.tr\/fr\/wp-json\/wp\/v2\/product\/31500\/revisions"}],"predecessor-version":[{"id":35861,"href":"https:\/\/demo.thefragrance.com.tr\/fr\/wp-json\/wp\/v2\/product\/31500\/revisions\/35861"}],"wp:featuredmedia":[{"embeddable":true,"href":"https:\/\/demo.thefragrance.com.tr\/fr\/wp-json\/wp\/v2\/media\/29137"}],"wp:attachment":[{"href":"https:\/\/demo.thefragrance.com.tr\/fr\/wp-json\/wp\/v2\/media?parent=31500"}],"wp:term":[{"taxonomy":"product_brand","embeddable":true,"href":"https:\/\/demo.thefragrance.com.tr\/fr\/wp-json\/wp\/v2\/product_brand?post=31500"},{"taxonomy":"product_cat","embeddable":true,"href":"https:\/\/demo.thefragrance.com.tr\/fr\/wp-json\/wp\/v2\/product_cat?post=31500"},{"taxonomy":"product_tag","embeddable":true,"href":"https:\/\/demo.thefragrance.com.tr\/fr\/wp-json\/wp\/v2\/product_tag?post=31500"}],"curies":[{"name":"wp","href":"https:\/\/api.w.org\/{rel}","templated":true}]}}