{"id":32728,"date":"2025-09-03T19:10:05","date_gmt":"2025-09-03T19:10:05","guid":{"rendered":"https:\/\/demo.thefragrance.com.tr\/product\/the-duchees\/"},"modified":"2025-11-10T13:02:19","modified_gmt":"2025-11-10T13:02:19","slug":"the-duchees","status":"publish","type":"product","link":"https:\/\/demo.thefragrance.com.tr\/fr\/produit\/the-duchees\/","title":{"rendered":"The Duchees"},"content":{"rendered":"","protected":false},"excerpt":{"rendered":"<p>La Royal Collection de The Fragrance est une c\u00e9l\u00e9bration de la grandeur et du charme intemporel.<br \/>The Crown, avec son or opulent, capture l\u2019essence du pouvoir supr\u00eame et du prestige, cr\u00e9\u00e9e pour ceux qui incarnent l\u2019esprit de la v\u00e9ritable royaut\u00e9. <\/p>\n","protected":false},"featured_media":35989,"comment_status":"open","ping_status":"closed","template":"","meta":{"_acf_changed":false},"product_brand":[],"product_cat":[317],"product_tag":[],"class_list":{"0":"post-32728","1":"product","2":"type-product","3":"status-publish","4":"has-post-thumbnail","6":"product_cat-collection-royale","8":"first","9":"instock","10":"shipping-taxable","11":"purchasable","12":"product-type-simple"},"acf":[],"_links":{"self":[{"href":"https:\/\/demo.thefragrance.com.tr\/fr\/wp-json\/wp\/v2\/product\/32728","targetHints":{"allow":["GET"]}}],"collection":[{"href":"https:\/\/demo.thefragrance.com.tr\/fr\/wp-json\/wp\/v2\/product"}],"about":[{"href":"https:\/\/demo.thefragrance.com.tr\/fr\/wp-json\/wp\/v2\/types\/product"}],"replies":[{"embeddable":true,"href":"https:\/\/demo.thefragrance.com.tr\/fr\/wp-json\/wp\/v2\/comments?post=32728"}],"version-history":[{"count":1,"href":"https:\/\/demo.thefragrance.com.tr\/fr\/wp-json\/wp\/v2\/product\/32728\/revisions"}],"predecessor-version":[{"id":35991,"href":"https:\/\/demo.thefragrance.com.tr\/fr\/wp-json\/wp\/v2\/product\/32728\/revisions\/35991"}],"wp:featuredmedia":[{"embeddable":true,"href":"https:\/\/demo.thefragrance.com.tr\/fr\/wp-json\/wp\/v2\/media\/35989"}],"wp:attachment":[{"href":"https:\/\/demo.thefragrance.com.tr\/fr\/wp-json\/wp\/v2\/media?parent=32728"}],"wp:term":[{"taxonomy":"product_brand","embeddable":true,"href":"https:\/\/demo.thefragrance.com.tr\/fr\/wp-json\/wp\/v2\/product_brand?post=32728"},{"taxonomy":"product_cat","embeddable":true,"href":"https:\/\/demo.thefragrance.com.tr\/fr\/wp-json\/wp\/v2\/product_cat?post=32728"},{"taxonomy":"product_tag","embeddable":true,"href":"https:\/\/demo.thefragrance.com.tr\/fr\/wp-json\/wp\/v2\/product_tag?post=32728"}],"curies":[{"name":"wp","href":"https:\/\/api.w.org\/{rel}","templated":true}]}}