{"id":32806,"date":"2025-09-03T19:10:05","date_gmt":"2025-09-03T19:10:05","guid":{"rendered":"https:\/\/demo.thefragrance.com.tr\/product\/the-crown\/"},"modified":"2025-11-10T13:17:29","modified_gmt":"2025-11-10T13:17:29","slug":"the-crown","status":"publish","type":"product","link":"https:\/\/demo.thefragrance.com.tr\/fr\/produit\/the-crown\/","title":{"rendered":"The Crown"},"content":{"rendered":"","protected":false},"excerpt":{"rendered":"<p>La Royal Collection de The Fragrance est une c\u00e9l\u00e9bration de la grandeur et du charme intemporel.<br \/>The Crown, avec son or opulent, capture l\u2019essence du pouvoir supr\u00eame et du prestige, cr\u00e9\u00e9e pour ceux qui incarnent l\u2019esprit de la v\u00e9ritable royaut\u00e9. <\/p>\n","protected":false},"featured_media":36025,"comment_status":"closed","ping_status":"closed","template":"elementor_header_footer","meta":{"_acf_changed":false},"product_brand":[],"product_cat":[317],"product_tag":[],"class_list":{"0":"post-32806","1":"product","2":"type-product","3":"status-publish","4":"has-post-thumbnail","6":"product_cat-collection-royale","8":"first","9":"instock","10":"shipping-taxable","11":"purchasable","12":"product-type-simple"},"acf":[],"_links":{"self":[{"href":"https:\/\/demo.thefragrance.com.tr\/fr\/wp-json\/wp\/v2\/product\/32806","targetHints":{"allow":["GET"]}}],"collection":[{"href":"https:\/\/demo.thefragrance.com.tr\/fr\/wp-json\/wp\/v2\/product"}],"about":[{"href":"https:\/\/demo.thefragrance.com.tr\/fr\/wp-json\/wp\/v2\/types\/product"}],"replies":[{"embeddable":true,"href":"https:\/\/demo.thefragrance.com.tr\/fr\/wp-json\/wp\/v2\/comments?post=32806"}],"version-history":[{"count":1,"href":"https:\/\/demo.thefragrance.com.tr\/fr\/wp-json\/wp\/v2\/product\/32806\/revisions"}],"predecessor-version":[{"id":36027,"href":"https:\/\/demo.thefragrance.com.tr\/fr\/wp-json\/wp\/v2\/product\/32806\/revisions\/36027"}],"wp:featuredmedia":[{"embeddable":true,"href":"https:\/\/demo.thefragrance.com.tr\/fr\/wp-json\/wp\/v2\/media\/36025"}],"wp:attachment":[{"href":"https:\/\/demo.thefragrance.com.tr\/fr\/wp-json\/wp\/v2\/media?parent=32806"}],"wp:term":[{"taxonomy":"product_brand","embeddable":true,"href":"https:\/\/demo.thefragrance.com.tr\/fr\/wp-json\/wp\/v2\/product_brand?post=32806"},{"taxonomy":"product_cat","embeddable":true,"href":"https:\/\/demo.thefragrance.com.tr\/fr\/wp-json\/wp\/v2\/product_cat?post=32806"},{"taxonomy":"product_tag","embeddable":true,"href":"https:\/\/demo.thefragrance.com.tr\/fr\/wp-json\/wp\/v2\/product_tag?post=32806"}],"curies":[{"name":"wp","href":"https:\/\/api.w.org\/{rel}","templated":true}]}}