{"id":32824,"date":"2025-09-03T19:10:05","date_gmt":"2025-09-03T19:10:05","guid":{"rendered":"https:\/\/demo.thefragrance.com.tr\/product\/master-crystal-set\/"},"modified":"2025-11-10T13:24:12","modified_gmt":"2025-11-10T13:24:12","slug":"master-crystal-set","status":"publish","type":"product","link":"https:\/\/demo.thefragrance.com.tr\/fr\/produit\/master-crystal-set\/","title":{"rendered":"Master Crystal Set"},"content":{"rendered":"","protected":false},"excerpt":{"rendered":"<p>Entrez dans un monde d\u2019opulence avec notre Golden Metal Luxurious Showcase, un v\u00e9ritable chef-d\u2019\u0153uvre qui \u00e9voque un coffre au tr\u00e9sor.<br \/>Cette vitrine exquise n\u2019est pas seulement un contenant ; c\u2019est une pi\u00e8ce d\u2019exception qui abrite nos magnifiques parfums de la Crystal Collection.<br \/>Con\u00e7ue \u00e0 la perfection, cette vitrine refl\u00e8te l\u2019\u00e9l\u00e9gance et le luxe qui d\u00e9finissent notre marque.  <\/p>\n","protected":false},"featured_media":29170,"comment_status":"open","ping_status":"closed","template":"","meta":{"_acf_changed":false},"product_brand":[],"product_cat":[192],"product_tag":[],"class_list":{"0":"post-32824","1":"product","2":"type-product","3":"status-publish","4":"has-post-thumbnail","6":"product_cat-collection-crystal","7":"product_shipping_class-livraison-payante","9":"first","10":"instock","11":"shipping-taxable","12":"purchasable","13":"product-type-simple"},"acf":[],"_links":{"self":[{"href":"https:\/\/demo.thefragrance.com.tr\/fr\/wp-json\/wp\/v2\/product\/32824","targetHints":{"allow":["GET"]}}],"collection":[{"href":"https:\/\/demo.thefragrance.com.tr\/fr\/wp-json\/wp\/v2\/product"}],"about":[{"href":"https:\/\/demo.thefragrance.com.tr\/fr\/wp-json\/wp\/v2\/types\/product"}],"replies":[{"embeddable":true,"href":"https:\/\/demo.thefragrance.com.tr\/fr\/wp-json\/wp\/v2\/comments?post=32824"}],"version-history":[{"count":1,"href":"https:\/\/demo.thefragrance.com.tr\/fr\/wp-json\/wp\/v2\/product\/32824\/revisions"}],"predecessor-version":[{"id":36045,"href":"https:\/\/demo.thefragrance.com.tr\/fr\/wp-json\/wp\/v2\/product\/32824\/revisions\/36045"}],"wp:featuredmedia":[{"embeddable":true,"href":"https:\/\/demo.thefragrance.com.tr\/fr\/wp-json\/wp\/v2\/media\/29170"}],"wp:attachment":[{"href":"https:\/\/demo.thefragrance.com.tr\/fr\/wp-json\/wp\/v2\/media?parent=32824"}],"wp:term":[{"taxonomy":"product_brand","embeddable":true,"href":"https:\/\/demo.thefragrance.com.tr\/fr\/wp-json\/wp\/v2\/product_brand?post=32824"},{"taxonomy":"product_cat","embeddable":true,"href":"https:\/\/demo.thefragrance.com.tr\/fr\/wp-json\/wp\/v2\/product_cat?post=32824"},{"taxonomy":"product_tag","embeddable":true,"href":"https:\/\/demo.thefragrance.com.tr\/fr\/wp-json\/wp\/v2\/product_tag?post=32824"}],"curies":[{"name":"wp","href":"https:\/\/api.w.org\/{rel}","templated":true}]}}