{"id":33119,"date":"2025-09-20T11:14:30","date_gmt":"2025-09-20T11:14:30","guid":{"rendered":"https:\/\/demo.thefragrance.com.tr\/product\/onyx-wonder-2\/"},"modified":"2025-11-10T14:08:59","modified_gmt":"2025-11-10T14:08:59","slug":"onyx-wonder-2","status":"publish","type":"product","link":"https:\/\/demo.thefragrance.com.tr\/fr\/produit\/onyx-wonder-2\/","title":{"rendered":"Onyx Wonder"},"content":{"rendered":"","protected":false},"excerpt":{"rendered":"<p>La merveille de la Collection Crystal. Onyx Wonder est le juste \u00e9quilibre entre \u00e9l\u00e9gance et puissance. C\u2019est le jeu d\u2019un chasseur audacieux et fort dans les bois.  <\/p>\n","protected":false},"featured_media":36197,"comment_status":"open","ping_status":"closed","template":"","meta":{"_acf_changed":false},"product_brand":[],"product_cat":[362,361],"product_tag":[194],"class_list":{"0":"post-33119","1":"product","2":"type-product","3":"status-publish","4":"has-post-thumbnail","6":"product_cat-cristal","7":"product_cat-diffuseur-a-tiges","8":"product_tag-collection-crystal","9":"product_shipping_class-livraison-payante","11":"first","12":"instock","13":"shipping-taxable","14":"purchasable","15":"product-type-simple"},"acf":[],"_links":{"self":[{"href":"https:\/\/demo.thefragrance.com.tr\/fr\/wp-json\/wp\/v2\/product\/33119","targetHints":{"allow":["GET"]}}],"collection":[{"href":"https:\/\/demo.thefragrance.com.tr\/fr\/wp-json\/wp\/v2\/product"}],"about":[{"href":"https:\/\/demo.thefragrance.com.tr\/fr\/wp-json\/wp\/v2\/types\/product"}],"replies":[{"embeddable":true,"href":"https:\/\/demo.thefragrance.com.tr\/fr\/wp-json\/wp\/v2\/comments?post=33119"}],"version-history":[{"count":1,"href":"https:\/\/demo.thefragrance.com.tr\/fr\/wp-json\/wp\/v2\/product\/33119\/revisions"}],"predecessor-version":[{"id":36199,"href":"https:\/\/demo.thefragrance.com.tr\/fr\/wp-json\/wp\/v2\/product\/33119\/revisions\/36199"}],"wp:featuredmedia":[{"embeddable":true,"href":"https:\/\/demo.thefragrance.com.tr\/fr\/wp-json\/wp\/v2\/media\/36197"}],"wp:attachment":[{"href":"https:\/\/demo.thefragrance.com.tr\/fr\/wp-json\/wp\/v2\/media?parent=33119"}],"wp:term":[{"taxonomy":"product_brand","embeddable":true,"href":"https:\/\/demo.thefragrance.com.tr\/fr\/wp-json\/wp\/v2\/product_brand?post=33119"},{"taxonomy":"product_cat","embeddable":true,"href":"https:\/\/demo.thefragrance.com.tr\/fr\/wp-json\/wp\/v2\/product_cat?post=33119"},{"taxonomy":"product_tag","embeddable":true,"href":"https:\/\/demo.thefragrance.com.tr\/fr\/wp-json\/wp\/v2\/product_tag?post=33119"}],"curies":[{"name":"wp","href":"https:\/\/api.w.org\/{rel}","templated":true}]}}