{"id":33303,"date":"2025-09-20T11:24:46","date_gmt":"2025-09-20T11:24:46","guid":{"rendered":"https:\/\/demo.thefragrance.com.tr\/product\/tiger-eye-power-2\/"},"modified":"2025-11-10T14:36:45","modified_gmt":"2025-11-10T14:36:45","slug":"tiger-eye-power-2","status":"publish","type":"product","link":"https:\/\/demo.thefragrance.com.tr\/fr\/produit\/tiger-eye-power-2\/","title":{"rendered":"Tiger Eye Power"},"content":{"rendered":"","protected":false},"excerpt":{"rendered":"<p>D\u00e9couvrez la marque de votre arriv\u00e9e avec Tiger Eye Power, un parfum exceptionnel et sophistiqu\u00e9 qui m\u00eale harmonieusement des notes florales et d\u2019agrumes.<\/p>\n","protected":false},"featured_media":36278,"comment_status":"open","ping_status":"closed","template":"","meta":{"_acf_changed":false},"product_brand":[],"product_cat":[362,361],"product_tag":[194],"class_list":{"0":"post-33303","1":"product","2":"type-product","3":"status-publish","4":"has-post-thumbnail","6":"product_cat-cristal","7":"product_cat-diffuseur-a-tiges","8":"product_tag-collection-crystal","9":"product_shipping_class-livraison-payante","11":"first","12":"instock","13":"shipping-taxable","14":"purchasable","15":"product-type-simple"},"acf":[],"_links":{"self":[{"href":"https:\/\/demo.thefragrance.com.tr\/fr\/wp-json\/wp\/v2\/product\/33303","targetHints":{"allow":["GET"]}}],"collection":[{"href":"https:\/\/demo.thefragrance.com.tr\/fr\/wp-json\/wp\/v2\/product"}],"about":[{"href":"https:\/\/demo.thefragrance.com.tr\/fr\/wp-json\/wp\/v2\/types\/product"}],"replies":[{"embeddable":true,"href":"https:\/\/demo.thefragrance.com.tr\/fr\/wp-json\/wp\/v2\/comments?post=33303"}],"version-history":[{"count":1,"href":"https:\/\/demo.thefragrance.com.tr\/fr\/wp-json\/wp\/v2\/product\/33303\/revisions"}],"predecessor-version":[{"id":36280,"href":"https:\/\/demo.thefragrance.com.tr\/fr\/wp-json\/wp\/v2\/product\/33303\/revisions\/36280"}],"wp:featuredmedia":[{"embeddable":true,"href":"https:\/\/demo.thefragrance.com.tr\/fr\/wp-json\/wp\/v2\/media\/36278"}],"wp:attachment":[{"href":"https:\/\/demo.thefragrance.com.tr\/fr\/wp-json\/wp\/v2\/media?parent=33303"}],"wp:term":[{"taxonomy":"product_brand","embeddable":true,"href":"https:\/\/demo.thefragrance.com.tr\/fr\/wp-json\/wp\/v2\/product_brand?post=33303"},{"taxonomy":"product_cat","embeddable":true,"href":"https:\/\/demo.thefragrance.com.tr\/fr\/wp-json\/wp\/v2\/product_cat?post=33303"},{"taxonomy":"product_tag","embeddable":true,"href":"https:\/\/demo.thefragrance.com.tr\/fr\/wp-json\/wp\/v2\/product_tag?post=33303"}],"curies":[{"name":"wp","href":"https:\/\/api.w.org\/{rel}","templated":true}]}}