{"id":33488,"date":"2025-10-26T10:04:16","date_gmt":"2025-10-26T10:04:16","guid":{"rendered":"https:\/\/demo.thefragrance.com.tr\/?post_type=product&#038;p=33488"},"modified":"2025-10-26T10:07:19","modified_gmt":"2025-10-26T10:07:19","slug":"the-crown-copy","status":"publish","type":"product","link":"https:\/\/demo.thefragrance.com.tr\/fr\/produit\/the-crown-copy\/","title":{"rendered":"The Crown (Copy)"},"content":{"rendered":"","protected":false},"excerpt":{"rendered":"<p>La Royal Collection de The Fragrance est une c\u00e9l\u00e9bration de la grandeur et du charme intemporel.<br \/>The Crown, avec son or opulent, capture l\u2019essence du pouvoir supr\u00eame et du prestige, cr\u00e9\u00e9e pour ceux qui incarnent l\u2019esprit de la v\u00e9ritable royaut\u00e9. <\/p>\n","protected":false},"featured_media":38545,"comment_status":"closed","ping_status":"closed","template":"elementor_header_footer","meta":{"_acf_changed":false},"product_brand":[],"product_cat":[],"product_tag":[],"class_list":{"0":"post-33488","1":"product","2":"type-product","3":"status-publish","4":"has-post-thumbnail","7":"first","8":"instock","9":"shipping-taxable","10":"purchasable","11":"product-type-simple"},"acf":[],"_links":{"self":[{"href":"https:\/\/demo.thefragrance.com.tr\/fr\/wp-json\/wp\/v2\/product\/33488","targetHints":{"allow":["GET"]}}],"collection":[{"href":"https:\/\/demo.thefragrance.com.tr\/fr\/wp-json\/wp\/v2\/product"}],"about":[{"href":"https:\/\/demo.thefragrance.com.tr\/fr\/wp-json\/wp\/v2\/types\/product"}],"replies":[{"embeddable":true,"href":"https:\/\/demo.thefragrance.com.tr\/fr\/wp-json\/wp\/v2\/comments?post=33488"}],"version-history":[{"count":1,"href":"https:\/\/demo.thefragrance.com.tr\/fr\/wp-json\/wp\/v2\/product\/33488\/revisions"}],"predecessor-version":[{"id":33495,"href":"https:\/\/demo.thefragrance.com.tr\/fr\/wp-json\/wp\/v2\/product\/33488\/revisions\/33495"}],"wp:featuredmedia":[{"embeddable":true,"href":"https:\/\/demo.thefragrance.com.tr\/fr\/wp-json\/wp\/v2\/media\/38545"}],"wp:attachment":[{"href":"https:\/\/demo.thefragrance.com.tr\/fr\/wp-json\/wp\/v2\/media?parent=33488"}],"wp:term":[{"taxonomy":"product_brand","embeddable":true,"href":"https:\/\/demo.thefragrance.com.tr\/fr\/wp-json\/wp\/v2\/product_brand?post=33488"},{"taxonomy":"product_cat","embeddable":true,"href":"https:\/\/demo.thefragrance.com.tr\/fr\/wp-json\/wp\/v2\/product_cat?post=33488"},{"taxonomy":"product_tag","embeddable":true,"href":"https:\/\/demo.thefragrance.com.tr\/fr\/wp-json\/wp\/v2\/product_tag?post=33488"}],"curies":[{"name":"wp","href":"https:\/\/api.w.org\/{rel}","templated":true}]}}