{"id":34245,"date":"2025-10-28T09:56:18","date_gmt":"2025-10-28T09:56:18","guid":{"rendered":"https:\/\/demo.thefragrance.com.tr\/?post_type=product&#038;p=34245"},"modified":"2025-10-28T10:12:06","modified_gmt":"2025-10-28T10:12:06","slug":"secret-dopale-copy-copy","status":"publish","type":"product","link":"https:\/\/demo.thefragrance.com.tr\/fr\/produit\/secret-dopale-copy-copy\/","title":{"rendered":"Secret d&#8217;Opale (Copy) (Copy)"},"content":{"rendered":"","protected":false},"excerpt":{"rendered":"<p>Enrichi de notes florales et orn\u00e9 des senteurs d\u00e9licieuses du chocolat et de la praline, ce parfum addictif incarne un cloying unique et gourmand qui pla\u00eet aux go\u00fbts raffin\u00e9s et au statut \u00e9lev\u00e9 de notre client\u00e8le exigeante.<\/p>\n","protected":false},"featured_media":38777,"comment_status":"open","ping_status":"closed","template":"","meta":{"_acf_changed":false},"product_brand":[],"product_cat":[466],"product_tag":[194],"class_list":{"0":"post-34245","1":"product","2":"type-product","3":"status-publish","4":"has-post-thumbnail","6":"product_cat-recharge","7":"product_tag-collection-crystal","8":"product_shipping_class-livraison-payante","10":"first","11":"instock","12":"shipping-taxable","13":"purchasable","14":"product-type-simple"},"acf":[],"_links":{"self":[{"href":"https:\/\/demo.thefragrance.com.tr\/fr\/wp-json\/wp\/v2\/product\/34245","targetHints":{"allow":["GET"]}}],"collection":[{"href":"https:\/\/demo.thefragrance.com.tr\/fr\/wp-json\/wp\/v2\/product"}],"about":[{"href":"https:\/\/demo.thefragrance.com.tr\/fr\/wp-json\/wp\/v2\/types\/product"}],"replies":[{"embeddable":true,"href":"https:\/\/demo.thefragrance.com.tr\/fr\/wp-json\/wp\/v2\/comments?post=34245"}],"version-history":[{"count":1,"href":"https:\/\/demo.thefragrance.com.tr\/fr\/wp-json\/wp\/v2\/product\/34245\/revisions"}],"predecessor-version":[{"id":34253,"href":"https:\/\/demo.thefragrance.com.tr\/fr\/wp-json\/wp\/v2\/product\/34245\/revisions\/34253"}],"wp:featuredmedia":[{"embeddable":true,"href":"https:\/\/demo.thefragrance.com.tr\/fr\/wp-json\/wp\/v2\/media\/38777"}],"wp:attachment":[{"href":"https:\/\/demo.thefragrance.com.tr\/fr\/wp-json\/wp\/v2\/media?parent=34245"}],"wp:term":[{"taxonomy":"product_brand","embeddable":true,"href":"https:\/\/demo.thefragrance.com.tr\/fr\/wp-json\/wp\/v2\/product_brand?post=34245"},{"taxonomy":"product_cat","embeddable":true,"href":"https:\/\/demo.thefragrance.com.tr\/fr\/wp-json\/wp\/v2\/product_cat?post=34245"},{"taxonomy":"product_tag","embeddable":true,"href":"https:\/\/demo.thefragrance.com.tr\/fr\/wp-json\/wp\/v2\/product_tag?post=34245"}],"curies":[{"name":"wp","href":"https:\/\/api.w.org\/{rel}","templated":true}]}}