{"id":34335,"date":"2025-10-28T11:34:12","date_gmt":"2025-10-28T11:34:12","guid":{"rendered":"https:\/\/demo.thefragrance.com.tr\/?post_type=product&#038;p=34335"},"modified":"2025-10-28T11:37:11","modified_gmt":"2025-10-28T11:37:11","slug":"topaz-glamour-copy-copy","status":"publish","type":"product","link":"https:\/\/demo.thefragrance.com.tr\/fr\/produit\/topaz-glamour-copy-copy\/","title":{"rendered":"Topaz Glamour (Copy) (Copy)"},"content":{"rendered":"","protected":false},"excerpt":{"rendered":"<p>Le parfum Topaz Glamour capture l\u2019essence du glamour juv\u00e9nile, refl\u00e9tant les caprices changeants et l\u2019optimisme impulsif.<br \/>Inspir\u00e9 par la rare gemme de topaze, sa couleur vibrante et son \u00e9nergie \u00e9voquent un sentiment de prestige et de r\u00e9sonance \u00e9motionnelle, t\u2019invitant \u00e0 embrasser une histoire de d\u00e9couverte de soi au c\u0153ur des incertitudes qui s\u2019effacent de la vie. <\/p>\n","protected":false},"featured_media":38769,"comment_status":"open","ping_status":"closed","template":"","meta":{"_acf_changed":false},"product_brand":[],"product_cat":[466],"product_tag":[194,195],"class_list":{"0":"post-34335","1":"product","2":"type-product","3":"status-publish","4":"has-post-thumbnail","6":"product_cat-recharge","7":"product_tag-collection-crystal","8":"product_tag-selection-de-cadeaux","9":"product_shipping_class-livraison-payante","11":"first","12":"instock","13":"shipping-taxable","14":"purchasable","15":"product-type-simple"},"acf":[],"_links":{"self":[{"href":"https:\/\/demo.thefragrance.com.tr\/fr\/wp-json\/wp\/v2\/product\/34335","targetHints":{"allow":["GET"]}}],"collection":[{"href":"https:\/\/demo.thefragrance.com.tr\/fr\/wp-json\/wp\/v2\/product"}],"about":[{"href":"https:\/\/demo.thefragrance.com.tr\/fr\/wp-json\/wp\/v2\/types\/product"}],"replies":[{"embeddable":true,"href":"https:\/\/demo.thefragrance.com.tr\/fr\/wp-json\/wp\/v2\/comments?post=34335"}],"version-history":[{"count":1,"href":"https:\/\/demo.thefragrance.com.tr\/fr\/wp-json\/wp\/v2\/product\/34335\/revisions"}],"predecessor-version":[{"id":34344,"href":"https:\/\/demo.thefragrance.com.tr\/fr\/wp-json\/wp\/v2\/product\/34335\/revisions\/34344"}],"wp:featuredmedia":[{"embeddable":true,"href":"https:\/\/demo.thefragrance.com.tr\/fr\/wp-json\/wp\/v2\/media\/38769"}],"wp:attachment":[{"href":"https:\/\/demo.thefragrance.com.tr\/fr\/wp-json\/wp\/v2\/media?parent=34335"}],"wp:term":[{"taxonomy":"product_brand","embeddable":true,"href":"https:\/\/demo.thefragrance.com.tr\/fr\/wp-json\/wp\/v2\/product_brand?post=34335"},{"taxonomy":"product_cat","embeddable":true,"href":"https:\/\/demo.thefragrance.com.tr\/fr\/wp-json\/wp\/v2\/product_cat?post=34335"},{"taxonomy":"product_tag","embeddable":true,"href":"https:\/\/demo.thefragrance.com.tr\/fr\/wp-json\/wp\/v2\/product_tag?post=34335"}],"curies":[{"name":"wp","href":"https:\/\/api.w.org\/{rel}","templated":true}]}}