{"id":35901,"date":"2025-09-03T19:10:04","date_gmt":"2025-09-03T19:10:04","guid":{"rendered":"https:\/\/demo.thefragrance.com.tr\/product\/saphirre-passion-2\/"},"modified":"2025-09-03T19:10:04","modified_gmt":"2025-09-03T19:10:04","slug":"saphirre-passion-2","status":"publish","type":"product","link":"https:\/\/demo.thefragrance.com.tr\/fr\/produit\/saphirre-passion-2\/","title":{"rendered":"Saphirre Passion"},"content":{"rendered":"","protected":false},"excerpt":{"rendered":"<p>Avec son flacon bleu velours orn\u00e9 d\u2019une plaque dor\u00e9e et son sillage oriental \u00e9pic\u00e9, ce parfum incarne une \u00e9l\u00e9gante d\u00e9claration de passion, s\u00e9duisant ceux qui aspirent \u00e0 incarner l\u2019\u00e9l\u00e9gance et la raret\u00e9 d\u2019un saphir immacul\u00e9.<\/p>\n","protected":false},"featured_media":29120,"comment_status":"open","ping_status":"closed","template":"","meta":{"_acf_changed":false},"product_brand":[],"product_cat":[192,399],"product_tag":[194],"class_list":{"0":"post-35901","1":"product","2":"type-product","3":"status-publish","4":"has-post-thumbnail","6":"product_cat-collection-crystal","7":"product_cat-extrait-de-parfum","8":"product_tag-collection-crystal","9":"product_shipping_class-livraison-payante","11":"first","12":"instock","13":"shipping-taxable","14":"purchasable","15":"product-type-simple"},"acf":[],"_links":{"self":[{"href":"https:\/\/demo.thefragrance.com.tr\/fr\/wp-json\/wp\/v2\/product\/35901","targetHints":{"allow":["GET"]}}],"collection":[{"href":"https:\/\/demo.thefragrance.com.tr\/fr\/wp-json\/wp\/v2\/product"}],"about":[{"href":"https:\/\/demo.thefragrance.com.tr\/fr\/wp-json\/wp\/v2\/types\/product"}],"replies":[{"embeddable":true,"href":"https:\/\/demo.thefragrance.com.tr\/fr\/wp-json\/wp\/v2\/comments?post=35901"}],"version-history":[{"count":0,"href":"https:\/\/demo.thefragrance.com.tr\/fr\/wp-json\/wp\/v2\/product\/35901\/revisions"}],"wp:featuredmedia":[{"embeddable":true,"href":"https:\/\/demo.thefragrance.com.tr\/fr\/wp-json\/wp\/v2\/media\/29120"}],"wp:attachment":[{"href":"https:\/\/demo.thefragrance.com.tr\/fr\/wp-json\/wp\/v2\/media?parent=35901"}],"wp:term":[{"taxonomy":"product_brand","embeddable":true,"href":"https:\/\/demo.thefragrance.com.tr\/fr\/wp-json\/wp\/v2\/product_brand?post=35901"},{"taxonomy":"product_cat","embeddable":true,"href":"https:\/\/demo.thefragrance.com.tr\/fr\/wp-json\/wp\/v2\/product_cat?post=35901"},{"taxonomy":"product_tag","embeddable":true,"href":"https:\/\/demo.thefragrance.com.tr\/fr\/wp-json\/wp\/v2\/product_tag?post=35901"}],"curies":[{"name":"wp","href":"https:\/\/api.w.org\/{rel}","templated":true}]}}