{"id":36430,"date":"2025-09-20T13:04:21","date_gmt":"2025-09-20T13:04:21","guid":{"rendered":"https:\/\/demo.thefragrance.com.tr\/product\/aquamarine-touch-3\/"},"modified":"2025-09-20T13:04:21","modified_gmt":"2025-09-20T13:04:21","slug":"aquamarine-touch-3","status":"publish","type":"product","link":"https:\/\/demo.thefragrance.com.tr\/fr\/produit\/aquamarine-touch-3\/","title":{"rendered":"Aquamarine Touch"},"content":{"rendered":"","protected":false},"excerpt":{"rendered":"<p>Un parfum sensuel et audacieux, n\u00e9 de la mer, qui capture les \u00e9motions \u00e0 l\u2019\u00e9tat brut.<br \/>Des notes bois\u00e9es et ambr\u00e9es s\u2019entrelacent avec des accords vibrants de bergamote, cassis, poivre rose, safran, bois d\u2019agar et musc s\u00e9ducteur, \u00e9voquant un attrait psychologique et social intensifi\u00e9. <\/p>\n","protected":false},"featured_media":36431,"comment_status":"open","ping_status":"closed","template":"","meta":{"_acf_changed":false},"product_brand":[],"product_cat":[420,421],"product_tag":[194],"class_list":{"0":"post-36430","1":"product","2":"type-product","3":"status-publish","4":"has-post-thumbnail","6":"product_cat-bougies-parfumees","7":"product_cat-cristal-2","8":"product_tag-collection-crystal","9":"product_shipping_class-livraison-payante","11":"first","12":"instock","13":"shipping-taxable","14":"purchasable","15":"product-type-simple"},"acf":[],"_links":{"self":[{"href":"https:\/\/demo.thefragrance.com.tr\/fr\/wp-json\/wp\/v2\/product\/36430","targetHints":{"allow":["GET"]}}],"collection":[{"href":"https:\/\/demo.thefragrance.com.tr\/fr\/wp-json\/wp\/v2\/product"}],"about":[{"href":"https:\/\/demo.thefragrance.com.tr\/fr\/wp-json\/wp\/v2\/types\/product"}],"replies":[{"embeddable":true,"href":"https:\/\/demo.thefragrance.com.tr\/fr\/wp-json\/wp\/v2\/comments?post=36430"}],"version-history":[{"count":0,"href":"https:\/\/demo.thefragrance.com.tr\/fr\/wp-json\/wp\/v2\/product\/36430\/revisions"}],"wp:featuredmedia":[{"embeddable":true,"href":"https:\/\/demo.thefragrance.com.tr\/fr\/wp-json\/wp\/v2\/media\/36431"}],"wp:attachment":[{"href":"https:\/\/demo.thefragrance.com.tr\/fr\/wp-json\/wp\/v2\/media?parent=36430"}],"wp:term":[{"taxonomy":"product_brand","embeddable":true,"href":"https:\/\/demo.thefragrance.com.tr\/fr\/wp-json\/wp\/v2\/product_brand?post=36430"},{"taxonomy":"product_cat","embeddable":true,"href":"https:\/\/demo.thefragrance.com.tr\/fr\/wp-json\/wp\/v2\/product_cat?post=36430"},{"taxonomy":"product_tag","embeddable":true,"href":"https:\/\/demo.thefragrance.com.tr\/fr\/wp-json\/wp\/v2\/product_tag?post=36430"}],"curies":[{"name":"wp","href":"https:\/\/api.w.org\/{rel}","templated":true}]}}