{"id":36529,"date":"2025-09-20T13:12:30","date_gmt":"2025-09-20T13:12:30","guid":{"rendered":"https:\/\/demo.thefragrance.com.tr\/product\/pearl-harmony-3\/"},"modified":"2025-09-20T13:12:30","modified_gmt":"2025-09-20T13:12:30","slug":"pearl-harmony-3","status":"publish","type":"product","link":"https:\/\/demo.thefragrance.com.tr\/fr\/produit\/pearl-harmony-3\/","title":{"rendered":"Pearl Harmony"},"content":{"rendered":"","protected":false},"excerpt":{"rendered":"<p>Une ode aux b\u00e9n\u00e9dictions et au myst\u00e8re des profondeurs marines. Une harmonie de musc frais, d&#8217;\u00e9pices exotiques et de rose douce sur une base de bois solide. <\/p>\n","protected":false},"featured_media":36530,"comment_status":"open","ping_status":"closed","template":"","meta":{"_acf_changed":false},"product_brand":[],"product_cat":[420,421],"product_tag":[194],"class_list":{"0":"post-36529","1":"product","2":"type-product","3":"status-publish","4":"has-post-thumbnail","6":"product_cat-bougies-parfumees","7":"product_cat-cristal-2","8":"product_tag-collection-crystal","9":"product_shipping_class-livraison-payante","11":"first","12":"instock","13":"shipping-taxable","14":"purchasable","15":"product-type-simple"},"acf":[],"_links":{"self":[{"href":"https:\/\/demo.thefragrance.com.tr\/fr\/wp-json\/wp\/v2\/product\/36529","targetHints":{"allow":["GET"]}}],"collection":[{"href":"https:\/\/demo.thefragrance.com.tr\/fr\/wp-json\/wp\/v2\/product"}],"about":[{"href":"https:\/\/demo.thefragrance.com.tr\/fr\/wp-json\/wp\/v2\/types\/product"}],"replies":[{"embeddable":true,"href":"https:\/\/demo.thefragrance.com.tr\/fr\/wp-json\/wp\/v2\/comments?post=36529"}],"version-history":[{"count":0,"href":"https:\/\/demo.thefragrance.com.tr\/fr\/wp-json\/wp\/v2\/product\/36529\/revisions"}],"wp:featuredmedia":[{"embeddable":true,"href":"https:\/\/demo.thefragrance.com.tr\/fr\/wp-json\/wp\/v2\/media\/36530"}],"wp:attachment":[{"href":"https:\/\/demo.thefragrance.com.tr\/fr\/wp-json\/wp\/v2\/media?parent=36529"}],"wp:term":[{"taxonomy":"product_brand","embeddable":true,"href":"https:\/\/demo.thefragrance.com.tr\/fr\/wp-json\/wp\/v2\/product_brand?post=36529"},{"taxonomy":"product_cat","embeddable":true,"href":"https:\/\/demo.thefragrance.com.tr\/fr\/wp-json\/wp\/v2\/product_cat?post=36529"},{"taxonomy":"product_tag","embeddable":true,"href":"https:\/\/demo.thefragrance.com.tr\/fr\/wp-json\/wp\/v2\/product_tag?post=36529"}],"curies":[{"name":"wp","href":"https:\/\/api.w.org\/{rel}","templated":true}]}}