{"id":36711,"date":"2025-09-20T13:24:31","date_gmt":"2025-09-20T13:24:31","guid":{"rendered":"https:\/\/demo.thefragrance.com.tr\/product\/the-duke-3\/"},"modified":"2025-09-20T13:24:31","modified_gmt":"2025-09-20T13:24:31","slug":"the-duke-3","status":"publish","type":"product","link":"https:\/\/demo.thefragrance.com.tr\/fr\/produit\/the-duke-3\/","title":{"rendered":"The Duke"},"content":{"rendered":"","protected":false},"excerpt":{"rendered":"<p>La merveille de la Collection Crystal. Onyx Wonder est le juste \u00e9quilibre entre \u00e9l\u00e9gance et puissance. C\u2019est le jeu d\u2019un chasseur audacieux et fort dans les bois.  <\/p>\n","protected":false},"featured_media":36713,"comment_status":"open","ping_status":"closed","template":"","meta":{"_acf_changed":false},"product_brand":[],"product_cat":[427],"product_tag":[413],"class_list":{"0":"post-36711","1":"product","2":"type-product","3":"status-publish","4":"has-post-thumbnail","6":"product_cat-royal-2","7":"product_tag-collection-royale","8":"product_shipping_class-livraison-payante","10":"first","11":"instock","12":"shipping-taxable","13":"purchasable","14":"product-type-simple"},"acf":[],"_links":{"self":[{"href":"https:\/\/demo.thefragrance.com.tr\/fr\/wp-json\/wp\/v2\/product\/36711","targetHints":{"allow":["GET"]}}],"collection":[{"href":"https:\/\/demo.thefragrance.com.tr\/fr\/wp-json\/wp\/v2\/product"}],"about":[{"href":"https:\/\/demo.thefragrance.com.tr\/fr\/wp-json\/wp\/v2\/types\/product"}],"replies":[{"embeddable":true,"href":"https:\/\/demo.thefragrance.com.tr\/fr\/wp-json\/wp\/v2\/comments?post=36711"}],"version-history":[{"count":0,"href":"https:\/\/demo.thefragrance.com.tr\/fr\/wp-json\/wp\/v2\/product\/36711\/revisions"}],"wp:featuredmedia":[{"embeddable":true,"href":"https:\/\/demo.thefragrance.com.tr\/fr\/wp-json\/wp\/v2\/media\/36713"}],"wp:attachment":[{"href":"https:\/\/demo.thefragrance.com.tr\/fr\/wp-json\/wp\/v2\/media?parent=36711"}],"wp:term":[{"taxonomy":"product_brand","embeddable":true,"href":"https:\/\/demo.thefragrance.com.tr\/fr\/wp-json\/wp\/v2\/product_brand?post=36711"},{"taxonomy":"product_cat","embeddable":true,"href":"https:\/\/demo.thefragrance.com.tr\/fr\/wp-json\/wp\/v2\/product_cat?post=36711"},{"taxonomy":"product_tag","embeddable":true,"href":"https:\/\/demo.thefragrance.com.tr\/fr\/wp-json\/wp\/v2\/product_tag?post=36711"}],"curies":[{"name":"wp","href":"https:\/\/api.w.org\/{rel}","templated":true}]}}