{"id":36783,"date":"2025-09-20T13:40:49","date_gmt":"2025-09-20T13:40:49","guid":{"rendered":"https:\/\/demo.thefragrance.com.tr\/product\/aquamarine-touch-4\/"},"modified":"2025-09-20T13:40:49","modified_gmt":"2025-09-20T13:40:49","slug":"aquamarine-touch-4","status":"publish","type":"product","link":"https:\/\/demo.thefragrance.com.tr\/fr\/produit\/aquamarine-touch-4\/","title":{"rendered":"Aquamarine Touch"},"content":{"rendered":"","protected":false},"excerpt":{"rendered":"<p>Un parfum sensuel et audacieux, n\u00e9 de la mer, qui capture les \u00e9motions \u00e0 l\u2019\u00e9tat brut.<br \/>Des notes bois\u00e9es et ambr\u00e9es s\u2019entrelacent avec des accords vibrants de bergamote, cassis, poivre rose, safran, bois d\u2019agar et musc s\u00e9ducteur, \u00e9voquant un attrait psychologique et social intensifi\u00e9. <\/p>\n","protected":false},"featured_media":36784,"comment_status":"open","ping_status":"closed","template":"","meta":{"_acf_changed":false},"product_brand":[],"product_cat":[431],"product_tag":[413],"class_list":{"0":"post-36783","1":"product","2":"type-product","3":"status-publish","4":"has-post-thumbnail","6":"product_cat-parfum-pour-voiture","7":"product_tag-collection-royale","8":"product_shipping_class-livraison-payante","10":"first","11":"instock","12":"shipping-taxable","13":"purchasable","14":"product-type-simple"},"acf":[],"_links":{"self":[{"href":"https:\/\/demo.thefragrance.com.tr\/fr\/wp-json\/wp\/v2\/product\/36783","targetHints":{"allow":["GET"]}}],"collection":[{"href":"https:\/\/demo.thefragrance.com.tr\/fr\/wp-json\/wp\/v2\/product"}],"about":[{"href":"https:\/\/demo.thefragrance.com.tr\/fr\/wp-json\/wp\/v2\/types\/product"}],"replies":[{"embeddable":true,"href":"https:\/\/demo.thefragrance.com.tr\/fr\/wp-json\/wp\/v2\/comments?post=36783"}],"version-history":[{"count":0,"href":"https:\/\/demo.thefragrance.com.tr\/fr\/wp-json\/wp\/v2\/product\/36783\/revisions"}],"wp:featuredmedia":[{"embeddable":true,"href":"https:\/\/demo.thefragrance.com.tr\/fr\/wp-json\/wp\/v2\/media\/36784"}],"wp:attachment":[{"href":"https:\/\/demo.thefragrance.com.tr\/fr\/wp-json\/wp\/v2\/media?parent=36783"}],"wp:term":[{"taxonomy":"product_brand","embeddable":true,"href":"https:\/\/demo.thefragrance.com.tr\/fr\/wp-json\/wp\/v2\/product_brand?post=36783"},{"taxonomy":"product_cat","embeddable":true,"href":"https:\/\/demo.thefragrance.com.tr\/fr\/wp-json\/wp\/v2\/product_cat?post=36783"},{"taxonomy":"product_tag","embeddable":true,"href":"https:\/\/demo.thefragrance.com.tr\/fr\/wp-json\/wp\/v2\/product_tag?post=36783"}],"curies":[{"name":"wp","href":"https:\/\/api.w.org\/{rel}","templated":true}]}}