{"id":36813,"date":"2025-09-20T13:42:48","date_gmt":"2025-09-20T13:42:48","guid":{"rendered":"https:\/\/demo.thefragrance.com.tr\/product\/emerald-shine-4\/"},"modified":"2025-09-20T13:42:48","modified_gmt":"2025-09-20T13:42:48","slug":"emerald-shine-4","status":"publish","type":"product","link":"https:\/\/demo.thefragrance.com.tr\/fr\/produit\/emerald-shine-4\/","title":{"rendered":"Emerald Shine"},"content":{"rendered":"","protected":false},"excerpt":{"rendered":"<p>Emerald Shine est un m\u00e9lange de classe et de fra\u00eecheur. Un parfum m\u00e9morable et affirm\u00e9, tout en restant frais, avec son exquis assemblage d\u2019agrumes, d\u2019\u00e9pices, de cuir et de notes orientales. <\/p>\n","protected":false},"featured_media":36814,"comment_status":"open","ping_status":"closed","template":"","meta":{"_acf_changed":false},"product_brand":[],"product_cat":[431],"product_tag":[413],"class_list":{"0":"post-36813","1":"product","2":"type-product","3":"status-publish","4":"has-post-thumbnail","6":"product_cat-parfum-pour-voiture","7":"product_tag-collection-royale","8":"product_shipping_class-livraison-payante","10":"first","11":"instock","12":"shipping-taxable","13":"purchasable","14":"product-type-simple"},"acf":[],"_links":{"self":[{"href":"https:\/\/demo.thefragrance.com.tr\/fr\/wp-json\/wp\/v2\/product\/36813","targetHints":{"allow":["GET"]}}],"collection":[{"href":"https:\/\/demo.thefragrance.com.tr\/fr\/wp-json\/wp\/v2\/product"}],"about":[{"href":"https:\/\/demo.thefragrance.com.tr\/fr\/wp-json\/wp\/v2\/types\/product"}],"replies":[{"embeddable":true,"href":"https:\/\/demo.thefragrance.com.tr\/fr\/wp-json\/wp\/v2\/comments?post=36813"}],"version-history":[{"count":0,"href":"https:\/\/demo.thefragrance.com.tr\/fr\/wp-json\/wp\/v2\/product\/36813\/revisions"}],"wp:featuredmedia":[{"embeddable":true,"href":"https:\/\/demo.thefragrance.com.tr\/fr\/wp-json\/wp\/v2\/media\/36814"}],"wp:attachment":[{"href":"https:\/\/demo.thefragrance.com.tr\/fr\/wp-json\/wp\/v2\/media?parent=36813"}],"wp:term":[{"taxonomy":"product_brand","embeddable":true,"href":"https:\/\/demo.thefragrance.com.tr\/fr\/wp-json\/wp\/v2\/product_brand?post=36813"},{"taxonomy":"product_cat","embeddable":true,"href":"https:\/\/demo.thefragrance.com.tr\/fr\/wp-json\/wp\/v2\/product_cat?post=36813"},{"taxonomy":"product_tag","embeddable":true,"href":"https:\/\/demo.thefragrance.com.tr\/fr\/wp-json\/wp\/v2\/product_tag?post=36813"}],"curies":[{"name":"wp","href":"https:\/\/api.w.org\/{rel}","templated":true}]}}