{"id":36873,"date":"2025-09-20T13:46:53","date_gmt":"2025-09-20T13:46:53","guid":{"rendered":"https:\/\/demo.thefragrance.com.tr\/product\/opal-secret-3\/"},"modified":"2025-09-20T13:46:53","modified_gmt":"2025-09-20T13:46:53","slug":"opal-secret-3","status":"publish","type":"product","link":"https:\/\/demo.thefragrance.com.tr\/fr\/produit\/opal-secret-3\/","title":{"rendered":"Opal Secret"},"content":{"rendered":"","protected":false},"excerpt":{"rendered":"<p>Enrichi de notes florales et orn\u00e9 des senteurs d\u00e9licieuses du chocolat et de la praline, ce parfum addictif incarne un cloying unique et gourmand qui pla\u00eet aux go\u00fbts raffin\u00e9s et au statut \u00e9lev\u00e9 de notre client\u00e8le exigeante.<\/p>\n","protected":false},"featured_media":36874,"comment_status":"open","ping_status":"closed","template":"","meta":{"_acf_changed":false},"product_brand":[],"product_cat":[431],"product_tag":[413],"class_list":{"0":"post-36873","1":"product","2":"type-product","3":"status-publish","4":"has-post-thumbnail","6":"product_cat-parfum-pour-voiture","7":"product_tag-collection-royale","8":"product_shipping_class-livraison-payante","10":"first","11":"instock","12":"shipping-taxable","13":"purchasable","14":"product-type-simple"},"acf":[],"_links":{"self":[{"href":"https:\/\/demo.thefragrance.com.tr\/fr\/wp-json\/wp\/v2\/product\/36873","targetHints":{"allow":["GET"]}}],"collection":[{"href":"https:\/\/demo.thefragrance.com.tr\/fr\/wp-json\/wp\/v2\/product"}],"about":[{"href":"https:\/\/demo.thefragrance.com.tr\/fr\/wp-json\/wp\/v2\/types\/product"}],"replies":[{"embeddable":true,"href":"https:\/\/demo.thefragrance.com.tr\/fr\/wp-json\/wp\/v2\/comments?post=36873"}],"version-history":[{"count":0,"href":"https:\/\/demo.thefragrance.com.tr\/fr\/wp-json\/wp\/v2\/product\/36873\/revisions"}],"wp:featuredmedia":[{"embeddable":true,"href":"https:\/\/demo.thefragrance.com.tr\/fr\/wp-json\/wp\/v2\/media\/36874"}],"wp:attachment":[{"href":"https:\/\/demo.thefragrance.com.tr\/fr\/wp-json\/wp\/v2\/media?parent=36873"}],"wp:term":[{"taxonomy":"product_brand","embeddable":true,"href":"https:\/\/demo.thefragrance.com.tr\/fr\/wp-json\/wp\/v2\/product_brand?post=36873"},{"taxonomy":"product_cat","embeddable":true,"href":"https:\/\/demo.thefragrance.com.tr\/fr\/wp-json\/wp\/v2\/product_cat?post=36873"},{"taxonomy":"product_tag","embeddable":true,"href":"https:\/\/demo.thefragrance.com.tr\/fr\/wp-json\/wp\/v2\/product_tag?post=36873"}],"curies":[{"name":"wp","href":"https:\/\/api.w.org\/{rel}","templated":true}]}}