{"id":36930,"date":"2025-09-20T13:51:23","date_gmt":"2025-09-20T13:51:23","guid":{"rendered":"https:\/\/demo.thefragrance.com.tr\/product\/ruby-love-3\/"},"modified":"2025-09-20T13:51:23","modified_gmt":"2025-09-20T13:51:23","slug":"ruby-love-3","status":"publish","type":"product","link":"https:\/\/demo.thefragrance.com.tr\/fr\/produit\/ruby-love-3\/","title":{"rendered":"Ruby Love"},"content":{"rendered":"","protected":false},"excerpt":{"rendered":"<p>D\u00e9couvrez l&#8217;attrait magn\u00e9tique de Ruby Love, un m\u00e9lange captivant de f\u00e9minit\u00e9 jasmanique et de masculinit\u00e9 indompt\u00e9e. Le jasmin d\u00e9licat infus\u00e9 de miel, de vanille et de notes d&#8217;agrumes rafra\u00eechissantes, ancr\u00e9 par des f\u00e8ves tonka et du patchouli, cr\u00e9e un parfum irr\u00e9sistible qui remue l&#8217;\u00e2me. <\/p>\n","protected":false},"featured_media":36931,"comment_status":"open","ping_status":"closed","template":"","meta":{"_acf_changed":false},"product_brand":[],"product_cat":[431],"product_tag":[413],"class_list":{"0":"post-36930","1":"product","2":"type-product","3":"status-publish","4":"has-post-thumbnail","6":"product_cat-parfum-pour-voiture","7":"product_tag-collection-royale","8":"product_shipping_class-livraison-payante","10":"first","11":"instock","12":"shipping-taxable","13":"purchasable","14":"product-type-simple"},"acf":[],"_links":{"self":[{"href":"https:\/\/demo.thefragrance.com.tr\/fr\/wp-json\/wp\/v2\/product\/36930","targetHints":{"allow":["GET"]}}],"collection":[{"href":"https:\/\/demo.thefragrance.com.tr\/fr\/wp-json\/wp\/v2\/product"}],"about":[{"href":"https:\/\/demo.thefragrance.com.tr\/fr\/wp-json\/wp\/v2\/types\/product"}],"replies":[{"embeddable":true,"href":"https:\/\/demo.thefragrance.com.tr\/fr\/wp-json\/wp\/v2\/comments?post=36930"}],"version-history":[{"count":0,"href":"https:\/\/demo.thefragrance.com.tr\/fr\/wp-json\/wp\/v2\/product\/36930\/revisions"}],"wp:featuredmedia":[{"embeddable":true,"href":"https:\/\/demo.thefragrance.com.tr\/fr\/wp-json\/wp\/v2\/media\/36931"}],"wp:attachment":[{"href":"https:\/\/demo.thefragrance.com.tr\/fr\/wp-json\/wp\/v2\/media?parent=36930"}],"wp:term":[{"taxonomy":"product_brand","embeddable":true,"href":"https:\/\/demo.thefragrance.com.tr\/fr\/wp-json\/wp\/v2\/product_brand?post=36930"},{"taxonomy":"product_cat","embeddable":true,"href":"https:\/\/demo.thefragrance.com.tr\/fr\/wp-json\/wp\/v2\/product_cat?post=36930"},{"taxonomy":"product_tag","embeddable":true,"href":"https:\/\/demo.thefragrance.com.tr\/fr\/wp-json\/wp\/v2\/product_tag?post=36930"}],"curies":[{"name":"wp","href":"https:\/\/api.w.org\/{rel}","templated":true}]}}