{"id":37230,"date":"2025-09-20T15:00:26","date_gmt":"2025-09-20T15:00:26","guid":{"rendered":"https:\/\/demo.thefragrance.com.tr\/product\/saphirre-passion-5\/"},"modified":"2025-09-20T15:00:26","modified_gmt":"2025-09-20T15:00:26","slug":"saphirre-passion-5","status":"publish","type":"product","link":"https:\/\/demo.thefragrance.com.tr\/fr\/produit\/saphirre-passion-5\/","title":{"rendered":"Saphirre Passion"},"content":{"rendered":"","protected":false},"excerpt":{"rendered":"<p>Avec son flacon bleu velours orn\u00e9 d\u2019une plaque dor\u00e9e et son sillage oriental \u00e9pic\u00e9, ce parfum incarne une \u00e9l\u00e9gante d\u00e9claration de passion, s\u00e9duisant ceux qui aspirent \u00e0 incarner l\u2019\u00e9l\u00e9gance et la raret\u00e9 d\u2019un saphir immacul\u00e9.<\/p>\n","protected":false},"featured_media":37231,"comment_status":"open","ping_status":"closed","template":"","meta":{"_acf_changed":false},"product_brand":[],"product_cat":[435],"product_tag":[413],"class_list":{"0":"post-37230","1":"product","2":"type-product","3":"status-publish","4":"has-post-thumbnail","6":"product_cat-porte-cles","7":"product_tag-collection-royale","8":"product_shipping_class-livraison-payante","10":"first","11":"instock","12":"shipping-taxable","13":"purchasable","14":"product-type-simple"},"acf":[],"_links":{"self":[{"href":"https:\/\/demo.thefragrance.com.tr\/fr\/wp-json\/wp\/v2\/product\/37230","targetHints":{"allow":["GET"]}}],"collection":[{"href":"https:\/\/demo.thefragrance.com.tr\/fr\/wp-json\/wp\/v2\/product"}],"about":[{"href":"https:\/\/demo.thefragrance.com.tr\/fr\/wp-json\/wp\/v2\/types\/product"}],"replies":[{"embeddable":true,"href":"https:\/\/demo.thefragrance.com.tr\/fr\/wp-json\/wp\/v2\/comments?post=37230"}],"version-history":[{"count":0,"href":"https:\/\/demo.thefragrance.com.tr\/fr\/wp-json\/wp\/v2\/product\/37230\/revisions"}],"wp:featuredmedia":[{"embeddable":true,"href":"https:\/\/demo.thefragrance.com.tr\/fr\/wp-json\/wp\/v2\/media\/37231"}],"wp:attachment":[{"href":"https:\/\/demo.thefragrance.com.tr\/fr\/wp-json\/wp\/v2\/media?parent=37230"}],"wp:term":[{"taxonomy":"product_brand","embeddable":true,"href":"https:\/\/demo.thefragrance.com.tr\/fr\/wp-json\/wp\/v2\/product_brand?post=37230"},{"taxonomy":"product_cat","embeddable":true,"href":"https:\/\/demo.thefragrance.com.tr\/fr\/wp-json\/wp\/v2\/product_cat?post=37230"},{"taxonomy":"product_tag","embeddable":true,"href":"https:\/\/demo.thefragrance.com.tr\/fr\/wp-json\/wp\/v2\/product_tag?post=37230"}],"curies":[{"name":"wp","href":"https:\/\/api.w.org\/{rel}","templated":true}]}}